{"id":3504,"date":"2019-07-10T13:55:58","date_gmt":"2019-07-10T11:55:58","guid":{"rendered":"https:\/\/www.azmetrology.com\/diseno-y-fabricacion-de-utillajes\/"},"modified":"2024-05-29T08:26:43","modified_gmt":"2024-05-29T06:26:43","slug":"diseno-y-fabricacion-de-utillajes","status":"publish","type":"page","link":"https:\/\/www.azmetrology.com\/de\/diseno-y-fabricacion-de-utillajes\/","title":{"rendered":"KONTROLLE DER VORRICHTUNGEN"},"content":{"rendered":"<p>[et_pb_section fb_built=&#8220;1&#8243; next_background_color=&#8220;#ffffff&#8220; admin_label=&#8220;Hero&#8220; _builder_version=&#8220;4.16&#8243; use_background_color_gradient=&#8220;on&#8220; background_color_gradient_direction=&#8220;70deg&#8220; background_color_gradient_stops=&#8220;rgba(0,0,0,0) 0%|rgba(0,0,0,0) 100%&#8220; background_color_gradient_overlays_image=&#8220;on&#8220; background_color_gradient_start=&#8220;rgba(0,0,0,0)&#8220; background_color_gradient_end=&#8220;rgba(0,0,0,0)&#8220; background_image=&#8220;https:\/\/www.azmetrology.com\/wp-content\/uploads\/2021\/05\/AZ-Metrology-fabricante-utiles-control-utillajes.jpg&#8220; background_position=&#8220;bottom_center&#8220; custom_margin=&#8220;|||&#8220; custom_padding=&#8220;6vw|||||&#8220; bottom_divider_style=&#8220;mountains2&#8243; bottom_divider_height=&#8220;5vw&#8220; bottom_divider_repeat=&#8220;0.5x&#8220; bottom_divider_flip=&#8220;horizontal|vertical&#8220; locked=&#8220;off&#8220; global_colors_info=&#8220;{}&#8220;][et_pb_row _builder_version=&#8220;4.16&#8243; custom_margin=&#8220;||5%||false|false&#8220; custom_padding=&#8220;0px|0px|0|0px|false|false&#8220; global_colors_info=&#8220;{}&#8220;][et_pb_column type=&#8220;4_4&#8243; _builder_version=&#8220;4.16&#8243; custom_padding=&#8220;|||&#8220; global_colors_info=&#8220;{}&#8220; custom_padding__hover=&#8220;|||&#8220;][et_pb_text _builder_version=&#8220;4.16&#8243; text_font=&#8220;||||||||&#8220; header_font=&#8220;|700|||||||&#8220; header_font_size=&#8220;61px&#8220; header_line_height=&#8220;1.4em&#8220; header_2_font=&#8220;||||||||&#8220; header_2_text_color=&#8220;#ffffff&#8220; header_2_font_size=&#8220;20px&#8220; header_2_line_height=&#8220;1.4em&#8220; background_layout=&#8220;dark&#8220; custom_margin=&#8220;||||false|false&#8220; custom_padding=&#8220;||0px|15px|false|false&#8220; animation_style=&#8220;slide&#8220; animation_direction=&#8220;right&#8220; animation_intensity_slide=&#8220;4%&#8220; header_font_size_tablet=&#8220;50px&#8220; header_font_size_phone=&#8220;32px&#8220; header_font_size_last_edited=&#8220;on|desktop&#8220; header_2_font_size_tablet=&#8220;&#8220; header_2_font_size_phone=&#8220;24px&#8220; header_2_font_size_last_edited=&#8220;on|phone&#8220; header_text_shadow_style=&#8220;preset1&#8243; header_2_text_shadow_style=&#8220;preset1&#8243; border_width_left=&#8220;6px&#8220; border_color_left=&#8220;#da9500&#8243; global_colors_info=&#8220;{}&#8220;]<\/p>\n<h1>Kontrolle der Vorrichtungen<\/h1>\n<h2><strong>Design und Herstellung von Pr\u00fcfvorrichtungen<\/strong><\/h2>\n<p>&nbsp;<\/p>\n<p>[\/et_pb_text][\/et_pb_column][\/et_pb_row][\/et_pb_section][et_pb_section fb_built=&#8220;1&#8243; admin_label=&#8220;About Us&#8220; _builder_version=&#8220;4.16&#8243; background_color=&#8220;#ffffff&#8220; custom_padding=&#8220;||3px|||&#8220; locked=&#8220;off&#8220; global_colors_info=&#8220;{}&#8220;][et_pb_row column_structure=&#8220;1_2,1_2&#8243; use_custom_gutter=&#8220;on&#8220; admin_label=&#8220;Content area&#8220; _builder_version=&#8220;4.16&#8243; animation_style=&#8220;fold&#8220; animation_direction=&#8220;left&#8220; animation_intensity_fold=&#8220;20%&#8220; use_custom_width=&#8220;on&#8220; custom_width_px=&#8220;1280px&#8220; global_colors_info=&#8220;{}&#8220;][et_pb_column type=&#8220;1_2&#8243; _builder_version=&#8220;4.16&#8243; custom_padding_tablet=&#8220;&#8220; custom_padding_phone=&#8220;0%|||&#8220; custom_padding_last_edited=&#8220;on|desktop&#8220; global_colors_info=&#8220;{}&#8220; custom_padding__hover=&#8220;|||&#8220;][et_pb_image src=&#8220;https:\/\/www.azmetrology.com\/wp-content\/uploads\/2021\/05\/AZ-Metrology-utiles-control-3.jpg&#8220; title_text=&#8220;AZ-Metrology-utiles-control (3)&#8220; force_fullwidth=&#8220;on&#8220; align_tablet=&#8220;center&#8220; align_phone=&#8220;&#8220; align_last_edited=&#8220;on|desktop&#8220; _builder_version=&#8220;4.19.0&#8243; custom_margin=&#8220;||||false|false&#8220; animation_style=&#8220;zoom&#8220; animation_direction=&#8220;left&#8220; animation_delay=&#8220;350ms&#8220; box_shadow_style=&#8220;preset2&#8243; locked=&#8220;off&#8220; global_colors_info=&#8220;{}&#8220;][\/et_pb_image][et_pb_image src=&#8220;https:\/\/www.azmetrology.com\/wp-content\/uploads\/2021\/07\/AZ-Metrology-PLANO-2D_1.jpg&#8220; title_text=&#8220;AZ-Metrology-PLANO-2D_1&#8243; force_fullwidth=&#8220;on&#8220; align_tablet=&#8220;center&#8220; align_phone=&#8220;&#8220; align_last_edited=&#8220;on|desktop&#8220; _builder_version=&#8220;4.19.0&#8243; custom_margin=&#8220;10%||10%||false|false&#8220; animation_style=&#8220;zoom&#8220; animation_direction=&#8220;left&#8220; animation_delay=&#8220;350ms&#8220; box_shadow_style=&#8220;preset2&#8243; locked=&#8220;off&#8220; global_colors_info=&#8220;{}&#8220;][\/et_pb_image][\/et_pb_column][et_pb_column type=&#8220;1_2&#8243; _builder_version=&#8220;4.16&#8243; custom_padding=&#8220;|||&#8220; global_colors_info=&#8220;{}&#8220; custom_padding__hover=&#8220;|||&#8220;][et_pb_text admin_label=&#8220;Utillajes de control&#8220; _builder_version=&#8220;4.16&#8243; text_font=&#8220;||||||||&#8220; header_font=&#8220;||||||||&#8220; header_2_font=&#8220;|700|||||||&#8220; header_2_font_size=&#8220;28px&#8220; header_2_line_height=&#8220;1.5em&#8220; header_3_font=&#8220;|700||on|||||&#8220; header_3_text_color=&#8220;rgba(43,51,68,0.2)&#8220; header_4_font=&#8220;|700|||||||&#8220; header_4_text_color=&#8220;#da9500&#8243; header_4_font_size=&#8220;22px&#8220; header_4_line_height=&#8220;1.9em&#8220; max_width=&#8220;700px&#8220; custom_margin=&#8220;|||&#8220; custom_padding=&#8220;|||&#8220; header_2_font_size_tablet=&#8220;&#8220; header_2_font_size_phone=&#8220;24px&#8220; header_2_font_size_last_edited=&#8220;on|phone&#8220; locked=&#8220;off&#8220; global_colors_info=&#8220;{}&#8220;]<\/p>\n<p>AZ METROLOGY bietet seinen Kunden einen umfassenden Konstruktions-, Fertigungs- und Wartungsservice f\u00fcr Kontroll- und Sonderwerkzeuge f\u00fcr verschiedene Sektoren.<\/p>\n<h4>Typen von Kontrollvorrichtungen<\/h4>\n<ul>\n<li>\n<p>Spannvorrichtungen: Einstellger\u00e4te<\/p>\n<\/li>\n<li>\n<p><u><\/u><u><\/u><u><\/u><span lang=\"DE\">Pr\u00fcfen von Vorrichtungen f\u00fcr Teile oder Baugruppen<\/span><\/p>\n<\/li>\n<li>\n<p><u><\/u><u><\/u><u><\/u><span lang=\"DE\">Meisterbock: Montagekontrolle<\/span><\/p>\n<\/li>\n<li>\n<p><u><\/u><u><\/u><u><\/u><span lang=\"DE\">Cubing<\/span><\/p>\n<\/li>\n<li>\n<p><u><\/u><u><\/u><u><\/u><span lang=\"DE\">Go\/No Go<\/span><\/p>\n<\/li>\n<li>\n<p><u><\/u><u><\/u><u><\/u><span lang=\"DE\">Kontrollvorrichtungen<\/span><\/p>\n<\/li>\n<\/ul>\n<h4>Spezielle Werkzeuge<\/h4>\n<ul>\n<li>Schweisswerkzeug<\/li>\n<li>Schneidwerkzeuge<\/li>\n<li>Transportmittel<\/li>\n<li>Spezielle Zurrmittel<\/li>\n<li>Handhabung von Werkzeugen<\/li>\n<\/ul>\n<h4>Lieferung<\/h4>\n<ul>\n<li>Kontrolllehre<\/li>\n<li>Bericht \u00fcber den Dimensionsbescheinigung<\/li>\n<li>3D-Modell \/ 2D-Fertigungszeichnungen \/ Materialtabelle<\/li>\n<li>Kontrollanweisungen<\/li>\n<li>R&amp;R und Cp, CPk.\u00a0Studie (optional)<\/li>\n<\/ul>\n<p>[\/et_pb_text][\/et_pb_column][\/et_pb_row][\/et_pb_section][et_pb_section fb_built=&#8220;1&#8243; _builder_version=&#8220;4.16&#8243; background_color=&#8220;#ffffff&#8220; global_colors_info=&#8220;{}&#8220;][et_pb_row use_custom_gutter=&#8220;on&#8220; gutter_width=&#8220;2&#8243; _builder_version=&#8220;4.16&#8243; global_colors_info=&#8220;{}&#8220;][et_pb_column type=&#8220;4_4&#8243; _builder_version=&#8220;4.16&#8243; global_colors_info=&#8220;{}&#8220;][et_pb_text _builder_version=&#8220;4.16&#8243; custom_padding=&#8220;||26px|||&#8220; global_colors_info=&#8220;{}&#8220;]<\/p>\n<h2 style=\"text-align: center;\"><strong>Bildergalerie<\/strong><\/h2>\n<p>[\/et_pb_text][et_pb_gallery gallery_ids=&#8220;2563,2565,2571,2573,2579,2575,2585,2567,2569,2581,2583,2587,2589,2591,2593,2595,2597,2599,2601,2603,2605,2609,2611,2613&#8243; show_title_and_caption=&#8220;off&#8220; _builder_version=&#8220;4.19.0&#8243; pagination_text_align=&#8220;center&#8220; hover_enabled=&#8220;0&#8243; box_shadow_style_image=&#8220;preset2&#8243; global_colors_info=&#8220;{}&#8220; sticky_enabled=&#8220;0&#8243;][\/et_pb_gallery][\/et_pb_column][\/et_pb_row][\/et_pb_section]<\/p>\n","protected":false},"excerpt":{"rendered":"<p>Kontrolle der Vorrichtungen Design und Herstellung von Pr\u00fcfvorrichtungen &nbsp;AZ METROLOGY bietet seinen Kunden einen umfassenden Konstruktions-, Fertigungs- und Wartungsservice f\u00fcr Kontroll- und Sonderwerkzeuge f\u00fcr verschiedene Sektoren. Typen von Kontrollvorrichtungen Spannvorrichtungen: Einstellger\u00e4te Pr\u00fcfen von Vorrichtungen f\u00fcr Teile oder Baugruppen Meisterbock: Montagekontrolle Cubing Go\/No Go Kontrollvorrichtungen Spezielle Werkzeuge Schweisswerkzeug Schneidwerkzeuge Transportmittel Spezielle Zurrmittel Handhabung von Werkzeugen Lieferung [&hellip;]<\/p>\n","protected":false},"author":4,"featured_media":0,"parent":0,"menu_order":0,"comment_status":"closed","ping_status":"closed","template":"","meta":{"_et_pb_use_builder":"on","_et_pb_old_content":"","_et_gb_content_width":""},"yoast_head":"<!-- This site is optimized with the Yoast SEO plugin v19.10 - https:\/\/yoast.com\/wordpress\/plugins\/seo\/ -->\n<title>KONTROLLE DER VORRICHTUNGEN - AZ Metrology<\/title>\n<meta name=\"robots\" content=\"index, follow, max-snippet:-1, max-image-preview:large, max-video-preview:-1\" \/>\n<link rel=\"canonical\" href=\"https:\/\/www.azmetrology.com\/de\/diseno-y-fabricacion-de-utillajes\/\" \/>\n<meta property=\"og:locale\" content=\"de_DE\" \/>\n<meta property=\"og:type\" content=\"article\" \/>\n<meta property=\"og:title\" content=\"KONTROLLE DER VORRICHTUNGEN - AZ Metrology\" \/>\n<meta property=\"og:description\" content=\"Kontrolle der Vorrichtungen Design und Herstellung von Pr\u00fcfvorrichtungen &nbsp;AZ METROLOGY bietet seinen Kunden einen umfassenden Konstruktions-, Fertigungs- und Wartungsservice f\u00fcr Kontroll- und Sonderwerkzeuge f\u00fcr verschiedene Sektoren. Typen von Kontrollvorrichtungen Spannvorrichtungen: Einstellger\u00e4te Pr\u00fcfen von Vorrichtungen f\u00fcr Teile oder Baugruppen Meisterbock: Montagekontrolle Cubing Go\/No Go Kontrollvorrichtungen Spezielle Werkzeuge Schweisswerkzeug Schneidwerkzeuge Transportmittel Spezielle Zurrmittel Handhabung von Werkzeugen Lieferung [&hellip;]\" \/>\n<meta property=\"og:url\" content=\"https:\/\/www.azmetrology.com\/de\/diseno-y-fabricacion-de-utillajes\/\" \/>\n<meta property=\"og:site_name\" content=\"AZ Metrology\" \/>\n<meta property=\"article:modified_time\" content=\"2024-05-29T06:26:43+00:00\" \/>\n<meta name=\"twitter:card\" content=\"summary_large_image\" \/>\n<meta name=\"twitter:label1\" content=\"Gesch\u00e4tzte Lesezeit\" \/>\n\t<meta name=\"twitter:data1\" content=\"2\u00a0Minuten\" \/>\n<script type=\"application\/ld+json\" class=\"yoast-schema-graph\">{\"@context\":\"https:\/\/schema.org\",\"@graph\":[{\"@type\":\"WebPage\",\"@id\":\"https:\/\/www.azmetrology.com\/de\/diseno-y-fabricacion-de-utillajes\/\",\"url\":\"https:\/\/www.azmetrology.com\/de\/diseno-y-fabricacion-de-utillajes\/\",\"name\":\"KONTROLLE DER VORRICHTUNGEN - AZ Metrology\",\"isPartOf\":{\"@id\":\"https:\/\/www.azmetrology.com\/de\/#website\"},\"datePublished\":\"2019-07-10T11:55:58+00:00\",\"dateModified\":\"2024-05-29T06:26:43+00:00\",\"breadcrumb\":{\"@id\":\"https:\/\/www.azmetrology.com\/de\/diseno-y-fabricacion-de-utillajes\/#breadcrumb\"},\"inLanguage\":\"de\",\"potentialAction\":[{\"@type\":\"ReadAction\",\"target\":[\"https:\/\/www.azmetrology.com\/de\/diseno-y-fabricacion-de-utillajes\/\"]}]},{\"@type\":\"BreadcrumbList\",\"@id\":\"https:\/\/www.azmetrology.com\/de\/diseno-y-fabricacion-de-utillajes\/#breadcrumb\",\"itemListElement\":[{\"@type\":\"ListItem\",\"position\":1,\"name\":\"Portada\",\"item\":\"https:\/\/www.azmetrology.com\/de\/\"},{\"@type\":\"ListItem\",\"position\":2,\"name\":\"KONTROLLE DER VORRICHTUNGEN\"}]},{\"@type\":\"WebSite\",\"@id\":\"https:\/\/www.azmetrology.com\/de\/#website\",\"url\":\"https:\/\/www.azmetrology.com\/de\/\",\"name\":\"AZ Metrology\",\"description\":\"Somos Metr\u00f3logos\",\"potentialAction\":[{\"@type\":\"SearchAction\",\"target\":{\"@type\":\"EntryPoint\",\"urlTemplate\":\"https:\/\/www.azmetrology.com\/de\/?s={search_term_string}\"},\"query-input\":\"required name=search_term_string\"}],\"inLanguage\":\"de\"}]}<\/script>\n<!-- \/ Yoast SEO plugin. -->","yoast_head_json":{"title":"KONTROLLE DER VORRICHTUNGEN - AZ Metrology","robots":{"index":"index","follow":"follow","max-snippet":"max-snippet:-1","max-image-preview":"max-image-preview:large","max-video-preview":"max-video-preview:-1"},"canonical":"https:\/\/www.azmetrology.com\/de\/diseno-y-fabricacion-de-utillajes\/","og_locale":"de_DE","og_type":"article","og_title":"KONTROLLE DER VORRICHTUNGEN - AZ Metrology","og_description":"Kontrolle der Vorrichtungen Design und Herstellung von Pr\u00fcfvorrichtungen &nbsp;AZ METROLOGY bietet seinen Kunden einen umfassenden Konstruktions-, Fertigungs- und Wartungsservice f\u00fcr Kontroll- und Sonderwerkzeuge f\u00fcr verschiedene Sektoren. Typen von Kontrollvorrichtungen Spannvorrichtungen: Einstellger\u00e4te Pr\u00fcfen von Vorrichtungen f\u00fcr Teile oder Baugruppen Meisterbock: Montagekontrolle Cubing Go\/No Go Kontrollvorrichtungen Spezielle Werkzeuge Schweisswerkzeug Schneidwerkzeuge Transportmittel Spezielle Zurrmittel Handhabung von Werkzeugen Lieferung [&hellip;]","og_url":"https:\/\/www.azmetrology.com\/de\/diseno-y-fabricacion-de-utillajes\/","og_site_name":"AZ Metrology","article_modified_time":"2024-05-29T06:26:43+00:00","twitter_card":"summary_large_image","twitter_misc":{"Gesch\u00e4tzte Lesezeit":"2\u00a0Minuten"},"schema":{"@context":"https:\/\/schema.org","@graph":[{"@type":"WebPage","@id":"https:\/\/www.azmetrology.com\/de\/diseno-y-fabricacion-de-utillajes\/","url":"https:\/\/www.azmetrology.com\/de\/diseno-y-fabricacion-de-utillajes\/","name":"KONTROLLE DER VORRICHTUNGEN - AZ Metrology","isPartOf":{"@id":"https:\/\/www.azmetrology.com\/de\/#website"},"datePublished":"2019-07-10T11:55:58+00:00","dateModified":"2024-05-29T06:26:43+00:00","breadcrumb":{"@id":"https:\/\/www.azmetrology.com\/de\/diseno-y-fabricacion-de-utillajes\/#breadcrumb"},"inLanguage":"de","potentialAction":[{"@type":"ReadAction","target":["https:\/\/www.azmetrology.com\/de\/diseno-y-fabricacion-de-utillajes\/"]}]},{"@type":"BreadcrumbList","@id":"https:\/\/www.azmetrology.com\/de\/diseno-y-fabricacion-de-utillajes\/#breadcrumb","itemListElement":[{"@type":"ListItem","position":1,"name":"Portada","item":"https:\/\/www.azmetrology.com\/de\/"},{"@type":"ListItem","position":2,"name":"KONTROLLE DER VORRICHTUNGEN"}]},{"@type":"WebSite","@id":"https:\/\/www.azmetrology.com\/de\/#website","url":"https:\/\/www.azmetrology.com\/de\/","name":"AZ Metrology","description":"Somos Metr\u00f3logos","potentialAction":[{"@type":"SearchAction","target":{"@type":"EntryPoint","urlTemplate":"https:\/\/www.azmetrology.com\/de\/?s={search_term_string}"},"query-input":"required name=search_term_string"}],"inLanguage":"de"}]}},"_links":{"self":[{"href":"https:\/\/www.azmetrology.com\/de\/wp-json\/wp\/v2\/pages\/3504"}],"collection":[{"href":"https:\/\/www.azmetrology.com\/de\/wp-json\/wp\/v2\/pages"}],"about":[{"href":"https:\/\/www.azmetrology.com\/de\/wp-json\/wp\/v2\/types\/page"}],"author":[{"embeddable":true,"href":"https:\/\/www.azmetrology.com\/de\/wp-json\/wp\/v2\/users\/4"}],"replies":[{"embeddable":true,"href":"https:\/\/www.azmetrology.com\/de\/wp-json\/wp\/v2\/comments?post=3504"}],"version-history":[{"count":7,"href":"https:\/\/www.azmetrology.com\/de\/wp-json\/wp\/v2\/pages\/3504\/revisions"}],"predecessor-version":[{"id":4269,"href":"https:\/\/www.azmetrology.com\/de\/wp-json\/wp\/v2\/pages\/3504\/revisions\/4269"}],"wp:attachment":[{"href":"https:\/\/www.azmetrology.com\/de\/wp-json\/wp\/v2\/media?parent=3504"}],"curies":[{"name":"wp","href":"https:\/\/api.w.org\/{rel}","templated":true}]}}