{"id":3446,"date":"2019-07-10T13:51:01","date_gmt":"2019-07-10T11:51:01","guid":{"rendered":"https:\/\/www.azmetrology.com\/digitalizacion-3d\/piezas\/"},"modified":"2021-11-24T13:14:16","modified_gmt":"2021-11-24T12:14:16","slug":"piezas","status":"publish","type":"page","link":"https:\/\/www.azmetrology.com\/de\/digitalizacion-3d\/piezas\/","title":{"rendered":"Gro\u00dfvolumige Teilen"},"content":{"rendered":"<p>[et_pb_section fb_built=&#8220;1&#8243; next_background_color=&#8220;#ffffff&#8220; admin_label=&#8220;Hero&#8220; _builder_version=&#8220;4.0.5&#8243; use_background_color_gradient=&#8220;on&#8220; background_color_gradient_start=&#8220;rgba(0,0,0,0)&#8220; background_color_gradient_end=&#8220;rgba(0,0,0,0)&#8220; background_color_gradient_direction=&#8220;70deg&#8220; background_color_gradient_overlays_image=&#8220;on&#8220; background_image=&#8220;https:\/\/www.azmetrology.com\/wp-content\/uploads\/2021\/06\/AZ-Metrology-Piezas-GranVolumen-Digitalizacion.jpg&#8220; custom_margin=&#8220;|||&#8220; custom_padding=&#8220;4vw|||||&#8220; bottom_divider_style=&#8220;mountains2&#8243; bottom_divider_height=&#8220;5vw&#8220; bottom_divider_repeat=&#8220;0.5x&#8220; bottom_divider_flip=&#8220;horizontal|vertical&#8220; locked=&#8220;off&#8220; global_colors_info=&#8220;{}&#8220;][et_pb_row _builder_version=&#8220;4.0.5&#8243; custom_margin=&#8220;8px|auto||auto||&#8220; custom_padding=&#8220;0px|0px|0|0px|false|false&#8220; global_colors_info=&#8220;{}&#8220;][et_pb_column type=&#8220;4_4&#8243; _builder_version=&#8220;4.0.5&#8243; custom_padding=&#8220;|||&#8220; global_colors_info=&#8220;{}&#8220; custom_padding__hover=&#8220;|||&#8220;][et_pb_text _builder_version=&#8220;4.14.1&#8243; text_font=&#8220;||||||||&#8220; header_font=&#8220;|700|||||||&#8220; header_font_size=&#8220;61px&#8220; header_line_height=&#8220;1.4em&#8220; header_2_font=&#8220;||||||||&#8220; header_2_text_color=&#8220;#ffffff&#8220; header_2_font_size=&#8220;20px&#8220; header_2_line_height=&#8220;1.4em&#8220; background_layout=&#8220;dark&#8220; custom_margin=&#8220;||63px|||&#8220; custom_padding=&#8220;|||15px|false|false&#8220; animation_style=&#8220;slide&#8220; animation_direction=&#8220;right&#8220; animation_intensity_slide=&#8220;4%&#8220; header_font_size_tablet=&#8220;50px&#8220; header_font_size_phone=&#8220;32px&#8220; header_font_size_last_edited=&#8220;on|desktop&#8220; header_2_font_size_tablet=&#8220;&#8220; header_2_font_size_phone=&#8220;24px&#8220; header_2_font_size_last_edited=&#8220;on|phone&#8220; header_text_shadow_style=&#8220;preset1&#8243; header_2_text_shadow_style=&#8220;preset1&#8243; border_width_left=&#8220;6px&#8220; border_color_left=&#8220;#da9500&#8243; global_colors_info=&#8220;{}&#8220;]<\/p>\n<h1>Gro\u00dfvolumige Teilen<\/h1>\n<h2>Scannen und Digitalisieren von Gro\u00dfserien<\/h2>\n<p>[\/et_pb_text][\/et_pb_column][\/et_pb_row][\/et_pb_section][et_pb_section fb_built=&#8220;1&#8243; admin_label=&#8220;About Us&#8220; _builder_version=&#8220;4.0.5&#8243; background_color=&#8220;#ffffff&#8220; custom_padding=&#8220;54px||3px|||&#8220; locked=&#8220;off&#8220; global_colors_info=&#8220;{}&#8220;][et_pb_row column_structure=&#8220;1_2,1_2&#8243; use_custom_gutter=&#8220;on&#8220; admin_label=&#8220;Content area&#8220; _builder_version=&#8220;4.0.5&#8243; animation_style=&#8220;fold&#8220; animation_direction=&#8220;left&#8220; animation_intensity_fold=&#8220;20%&#8220; use_custom_width=&#8220;on&#8220; custom_width_px=&#8220;1280px&#8220; global_colors_info=&#8220;{}&#8220;][et_pb_column type=&#8220;1_2&#8243; _builder_version=&#8220;3.25.4&#8243; custom_padding_tablet=&#8220;&#8220; custom_padding_phone=&#8220;0%|||&#8220; custom_padding_last_edited=&#8220;on|desktop&#8220; global_colors_info=&#8220;{}&#8220; custom_padding__hover=&#8220;|||&#8220;][et_pb_image src=&#8220;https:\/\/www.azmetrology.com\/wp-content\/uploads\/2021\/06\/AZ-MetrologyDigitalizacion-Piezas.jpg&#8220; force_fullwidth=&#8220;on&#8220; align_tablet=&#8220;center&#8220; align_phone=&#8220;&#8220; align_last_edited=&#8220;on|desktop&#8220; _builder_version=&#8220;4.0.5&#8243; custom_margin=&#8220;||7.6%|||&#8220; animation_style=&#8220;zoom&#8220; animation_direction=&#8220;left&#8220; animation_delay=&#8220;350ms&#8220; box_shadow_style=&#8220;preset2&#8243; locked=&#8220;off&#8220; global_colors_info=&#8220;{}&#8220;][\/et_pb_image][\/et_pb_column][et_pb_column type=&#8220;1_2&#8243; _builder_version=&#8220;3.25&#8243; custom_padding=&#8220;|||&#8220; global_colors_info=&#8220;{}&#8220; custom_padding__hover=&#8220;|||&#8220;][et_pb_text _builder_version=&#8220;4.14.1&#8243; text_font=&#8220;||||||||&#8220; header_font=&#8220;||||||||&#8220; header_2_font=&#8220;|700|||||||&#8220; header_2_font_size=&#8220;32px&#8220; header_2_line_height=&#8220;1.5em&#8220; header_3_font=&#8220;|700||on|||||&#8220; header_3_text_color=&#8220;rgba(43,51,68,0.2)&#8220; header_4_font=&#8220;|700|||||||&#8220; header_4_font_size=&#8220;22px&#8220; header_4_line_height=&#8220;1.4em&#8220; max_width=&#8220;700px&#8220; custom_margin=&#8220;|||&#8220; custom_padding=&#8220;|||&#8220; header_2_font_size_tablet=&#8220;&#8220; header_2_font_size_phone=&#8220;24px&#8220; header_2_font_size_last_edited=&#8220;on|phone&#8220; locked=&#8220;off&#8220; global_colors_info=&#8220;{}&#8220;]<\/p>\n<h3><strong>GRO\u00dfVOLUMIGE KOMPONENTEN<\/strong><\/h3>\n<h2>Digitalisierung von Teilen<\/h2>\n<p><span lang=\"DE\"><strong>Wir bieten 3D-Scannen\/Digitalisieren<\/strong> von gro\u00dfvolumigen\u00a0<\/span><span lang=\"DE\">Bauteilen an, begleitet von einem anschlie\u00dfenden Bericht mit\u00a0Ma\u00dfberechnungen und Analysen.<\/span><\/p>\n<p>Durch eine\u00a0<b>ber\u00fchrungslose Messung<\/b>\u00a0generieren wir in k\u00fcrzester Zeit einen\u00a0<b>3D-Digitalen Zwilling<\/b>\u00a0mit hoher Detailgenauigkeit und Pr\u00e4zision.<\/p>\n<p>Si lo desea podemos ofrecerle un an\u00e1lisis mediante mapa de color para la visualizaci\u00f3n de desviaciones y deformaciones, facilitando la comprensi\u00f3n de la informaci\u00f3n obtenida en la medici\u00f3n\u2026Tambi\u00e9n\u00a0 servicios de ingenier\u00eda inversa.<\/p>\n<p>&nbsp;<\/p>\n<p>[\/et_pb_text][\/et_pb_column][\/et_pb_row][\/et_pb_section][et_pb_section fb_built=&#8220;1&#8243; _builder_version=&#8220;4.0.5&#8243; background_color=&#8220;#f1f1f1&#8243; custom_padding=&#8220;0px||1px|||&#8220; global_colors_info=&#8220;{}&#8220;][et_pb_row _builder_version=&#8220;4.0.5&#8243; custom_padding=&#8220;45px|||||&#8220; global_colors_info=&#8220;{}&#8220;][et_pb_column type=&#8220;4_4&#8243; _builder_version=&#8220;4.0.5&#8243; global_colors_info=&#8220;{}&#8220;][et_pb_text _builder_version=&#8220;4.14.1&#8243; hover_enabled=&#8220;0&#8243; global_colors_info=&#8220;{}&#8220; sticky_enabled=&#8220;0&#8243;]<\/p>\n<h2 style=\"text-align: center;\"><b><span>Vorteile des 3D-Scannings<\/span><\/b><\/h2>\n<p>[\/et_pb_text][\/et_pb_column][\/et_pb_row][\/et_pb_section][et_pb_section fb_built=&#8220;1&#8243; admin_label=&#8220;About Us&#8220; _builder_version=&#8220;4.0.5&#8243; background_color=&#8220;#f1f1f1&#8243; custom_padding=&#8220;0px||3px|||&#8220; locked=&#8220;off&#8220; global_colors_info=&#8220;{}&#8220;][et_pb_row column_structure=&#8220;1_2,1_2&#8243; use_custom_gutter=&#8220;on&#8220; admin_label=&#8220;Content area&#8220; _builder_version=&#8220;4.0.5&#8243; animation_style=&#8220;fold&#8220; animation_direction=&#8220;left&#8220; animation_intensity_fold=&#8220;20%&#8220; use_custom_width=&#8220;on&#8220; custom_width_px=&#8220;1280px&#8220; global_colors_info=&#8220;{}&#8220;][et_pb_column type=&#8220;1_2&#8243; _builder_version=&#8220;3.25.4&#8243; custom_padding_tablet=&#8220;&#8220; custom_padding_phone=&#8220;0%|||&#8220; custom_padding_last_edited=&#8220;on|desktop&#8220; global_colors_info=&#8220;{}&#8220; custom_padding__hover=&#8220;|||&#8220;][et_pb_text _builder_version=&#8220;4.14.1&#8243; text_font=&#8220;||||||||&#8220; header_font=&#8220;||||||||&#8220; header_2_font=&#8220;|700|||||||&#8220; header_2_font_size=&#8220;32px&#8220; header_2_line_height=&#8220;1.5em&#8220; header_3_font=&#8220;|700||on|||||&#8220; header_3_text_color=&#8220;rgba(43,51,68,0.2)&#8220; header_4_font=&#8220;|700|||||||&#8220; header_4_font_size=&#8220;22px&#8220; header_4_line_height=&#8220;1.4em&#8220; custom_margin=&#8220;1px|||||&#8220; custom_padding=&#8220;|||&#8220; hover_enabled=&#8220;0&#8243; header_2_font_size_tablet=&#8220;&#8220; header_2_font_size_phone=&#8220;24px&#8220; header_2_font_size_last_edited=&#8220;on|phone&#8220; locked=&#8220;off&#8220; global_colors_info=&#8220;{}&#8220; sticky_enabled=&#8220;0&#8243;]<\/p>\n<ul>\n<li>In-situ-Messung \u2013 vermeidet Versetzung<\/li>\n<li>Gro\u00dfe Mengen<\/li>\n<li>Sehr schnelle Datenerfassung<\/li>\n<li>Gr\u00f6\u00dfere Details, vollst\u00e4ndige Wiedergabe<\/li>\n<li>Sicherheit der erfassten Daten<\/li>\n<li>Hohe geometriche Genauigkeit<\/li>\n<li>Ber\u00fchrungslose Messung<\/li>\n<\/ul>\n<p>[\/et_pb_text][\/et_pb_column][et_pb_column type=&#8220;1_2&#8243; _builder_version=&#8220;3.25&#8243; custom_padding=&#8220;|||&#8220; global_colors_info=&#8220;{}&#8220; custom_padding__hover=&#8220;|||&#8220;][et_pb_text _builder_version=&#8220;4.14.1&#8243; text_font=&#8220;||||||||&#8220; header_font=&#8220;||||||||&#8220; header_2_font=&#8220;|700|||||||&#8220; header_2_font_size=&#8220;32px&#8220; header_2_line_height=&#8220;1.5em&#8220; header_3_font=&#8220;|700||on|||||&#8220; header_3_text_color=&#8220;rgba(43,51,68,0.2)&#8220; header_4_font=&#8220;|700|||||||&#8220; header_4_font_size=&#8220;22px&#8220; header_4_line_height=&#8220;1.4em&#8220; custom_margin=&#8220;-1px|||||&#8220; custom_padding=&#8220;|||&#8220; hover_enabled=&#8220;0&#8243; header_2_font_size_tablet=&#8220;&#8220; header_2_font_size_phone=&#8220;24px&#8220; header_2_font_size_last_edited=&#8220;on|phone&#8220; locked=&#8220;off&#8220; global_colors_info=&#8220;{}&#8220; sticky_enabled=&#8220;0&#8243;]<\/p>\n<ul>\n<li><span>Sehr zuverl\u00e4ssige und schnelle Ma\u00dfberechnungen<\/span><\/li>\n<li>Theoretische 3D-Modell-Farbvergleiche<\/li>\n<li>Schnelle Fehlererkennung<\/li>\n<li>Keine St\u00f6rung oder Unterbrechung der Produktion<\/li>\n<li>Montage-Simulationen<\/li>\n<li>Dokumentarische Qualit\u00e4t<\/li>\n<\/ul>\n<p>[\/et_pb_text][\/et_pb_column][\/et_pb_row][\/et_pb_section][et_pb_section fb_built=&#8220;1&#8243; admin_label=&#8220;Misi\u00f3n&#8220; _builder_version=&#8220;4.0.5&#8243; background_color=&#8220;#ffffff&#8220; locked=&#8220;off&#8220; global_colors_info=&#8220;{}&#8220;][et_pb_row use_custom_gutter=&#8220;on&#8220; gutter_width=&#8220;2&#8243; _builder_version=&#8220;4.0.5&#8243; global_colors_info=&#8220;{}&#8220;][et_pb_column type=&#8220;4_4&#8243; _builder_version=&#8220;4.0.5&#8243; global_colors_info=&#8220;{}&#8220;][et_pb_text _builder_version=&#8220;4.14.1&#8243; custom_padding=&#8220;||26px|||&#8220; hover_enabled=&#8220;0&#8243; global_colors_info=&#8220;{}&#8220; sticky_enabled=&#8220;0&#8243;]<\/p>\n<h2 style=\"text-align: center;\"><strong>Bildergalerie<\/strong><\/h2>\n<p>[\/et_pb_text][et_pb_gallery gallery_ids=&#8220;2813,2815,2817,2819,2821,2823&#8243; show_title_and_caption=&#8220;off&#8220; _builder_version=&#8220;4.0.5&#8243; global_colors_info=&#8220;{}&#8220;][\/et_pb_gallery][\/et_pb_column][\/et_pb_row][\/et_pb_section]<\/p>\n","protected":false},"excerpt":{"rendered":"<p>Gro\u00dfvolumige Teilen Scannen und Digitalisieren von Gro\u00dfserienGRO\u00dfVOLUMIGE KOMPONENTEN Digitalisierung von Teilen Wir bieten 3D-Scannen\/Digitalisieren von gro\u00dfvolumigen\u00a0Bauteilen an, begleitet von einem anschlie\u00dfenden Bericht mit\u00a0Ma\u00dfberechnungen und Analysen. Durch eine\u00a0ber\u00fchrungslose Messung\u00a0generieren wir in k\u00fcrzester Zeit einen\u00a03D-Digitalen Zwilling\u00a0mit hoher Detailgenauigkeit und Pr\u00e4zision. Si lo desea podemos ofrecerle un an\u00e1lisis mediante mapa de color para la visualizaci\u00f3n de desviaciones y [&hellip;]<\/p>\n","protected":false},"author":4,"featured_media":0,"parent":3441,"menu_order":0,"comment_status":"closed","ping_status":"closed","template":"","meta":{"_et_pb_use_builder":"on","_et_pb_old_content":"","_et_gb_content_width":""},"yoast_head":"<!-- This site is optimized with the Yoast SEO plugin v19.10 - https:\/\/yoast.com\/wordpress\/plugins\/seo\/ -->\n<title>Gro\u00dfvolumige Teilen - AZ Metrology<\/title>\n<meta name=\"robots\" content=\"index, follow, max-snippet:-1, max-image-preview:large, max-video-preview:-1\" \/>\n<link rel=\"canonical\" href=\"https:\/\/www.azmetrology.com\/de\/digitalizacion-3d\/piezas\/\" \/>\n<meta property=\"og:locale\" content=\"de_DE\" \/>\n<meta property=\"og:type\" content=\"article\" \/>\n<meta property=\"og:title\" content=\"Gro\u00dfvolumige Teilen - AZ Metrology\" \/>\n<meta property=\"og:description\" content=\"Gro\u00dfvolumige Teilen Scannen und Digitalisieren von Gro\u00dfserienGRO\u00dfVOLUMIGE KOMPONENTEN Digitalisierung von Teilen Wir bieten 3D-Scannen\/Digitalisieren von gro\u00dfvolumigen\u00a0Bauteilen an, begleitet von einem anschlie\u00dfenden Bericht mit\u00a0Ma\u00dfberechnungen und Analysen. Durch eine\u00a0ber\u00fchrungslose Messung\u00a0generieren wir in k\u00fcrzester Zeit einen\u00a03D-Digitalen Zwilling\u00a0mit hoher Detailgenauigkeit und Pr\u00e4zision. Si lo desea podemos ofrecerle un an\u00e1lisis mediante mapa de color para la visualizaci\u00f3n de desviaciones y [&hellip;]\" \/>\n<meta property=\"og:url\" content=\"https:\/\/www.azmetrology.com\/de\/digitalizacion-3d\/piezas\/\" \/>\n<meta property=\"og:site_name\" content=\"AZ Metrology\" \/>\n<meta property=\"article:modified_time\" content=\"2021-11-24T12:14:16+00:00\" \/>\n<meta name=\"twitter:card\" content=\"summary_large_image\" \/>\n<meta name=\"twitter:label1\" content=\"Gesch\u00e4tzte Lesezeit\" \/>\n\t<meta name=\"twitter:data1\" content=\"5\u00a0Minuten\" \/>\n<script type=\"application\/ld+json\" class=\"yoast-schema-graph\">{\"@context\":\"https:\/\/schema.org\",\"@graph\":[{\"@type\":\"WebPage\",\"@id\":\"https:\/\/www.azmetrology.com\/de\/digitalizacion-3d\/piezas\/\",\"url\":\"https:\/\/www.azmetrology.com\/de\/digitalizacion-3d\/piezas\/\",\"name\":\"Gro\u00dfvolumige Teilen - AZ Metrology\",\"isPartOf\":{\"@id\":\"https:\/\/www.azmetrology.com\/de\/#website\"},\"datePublished\":\"2019-07-10T11:51:01+00:00\",\"dateModified\":\"2021-11-24T12:14:16+00:00\",\"breadcrumb\":{\"@id\":\"https:\/\/www.azmetrology.com\/de\/digitalizacion-3d\/piezas\/#breadcrumb\"},\"inLanguage\":\"de\",\"potentialAction\":[{\"@type\":\"ReadAction\",\"target\":[\"https:\/\/www.azmetrology.com\/de\/digitalizacion-3d\/piezas\/\"]}]},{\"@type\":\"BreadcrumbList\",\"@id\":\"https:\/\/www.azmetrology.com\/de\/digitalizacion-3d\/piezas\/#breadcrumb\",\"itemListElement\":[{\"@type\":\"ListItem\",\"position\":1,\"name\":\"Portada\",\"item\":\"https:\/\/www.azmetrology.com\/de\/\"},{\"@type\":\"ListItem\",\"position\":2,\"name\":\"3D DIGITALISIERUNG\",\"item\":\"https:\/\/www.azmetrology.com\/de\/digitalizacion-3d\/\"},{\"@type\":\"ListItem\",\"position\":3,\"name\":\"Gro\u00dfvolumige Teilen\"}]},{\"@type\":\"WebSite\",\"@id\":\"https:\/\/www.azmetrology.com\/de\/#website\",\"url\":\"https:\/\/www.azmetrology.com\/de\/\",\"name\":\"AZ Metrology\",\"description\":\"Somos Metr\u00f3logos\",\"potentialAction\":[{\"@type\":\"SearchAction\",\"target\":{\"@type\":\"EntryPoint\",\"urlTemplate\":\"https:\/\/www.azmetrology.com\/de\/?s={search_term_string}\"},\"query-input\":\"required name=search_term_string\"}],\"inLanguage\":\"de\"}]}<\/script>\n<!-- \/ Yoast SEO plugin. -->","yoast_head_json":{"title":"Gro\u00dfvolumige Teilen - AZ Metrology","robots":{"index":"index","follow":"follow","max-snippet":"max-snippet:-1","max-image-preview":"max-image-preview:large","max-video-preview":"max-video-preview:-1"},"canonical":"https:\/\/www.azmetrology.com\/de\/digitalizacion-3d\/piezas\/","og_locale":"de_DE","og_type":"article","og_title":"Gro\u00dfvolumige Teilen - AZ Metrology","og_description":"Gro\u00dfvolumige Teilen Scannen und Digitalisieren von Gro\u00dfserienGRO\u00dfVOLUMIGE KOMPONENTEN Digitalisierung von Teilen Wir bieten 3D-Scannen\/Digitalisieren von gro\u00dfvolumigen\u00a0Bauteilen an, begleitet von einem anschlie\u00dfenden Bericht mit\u00a0Ma\u00dfberechnungen und Analysen. Durch eine\u00a0ber\u00fchrungslose Messung\u00a0generieren wir in k\u00fcrzester Zeit einen\u00a03D-Digitalen Zwilling\u00a0mit hoher Detailgenauigkeit und Pr\u00e4zision. Si lo desea podemos ofrecerle un an\u00e1lisis mediante mapa de color para la visualizaci\u00f3n de desviaciones y [&hellip;]","og_url":"https:\/\/www.azmetrology.com\/de\/digitalizacion-3d\/piezas\/","og_site_name":"AZ Metrology","article_modified_time":"2021-11-24T12:14:16+00:00","twitter_card":"summary_large_image","twitter_misc":{"Gesch\u00e4tzte Lesezeit":"5\u00a0Minuten"},"schema":{"@context":"https:\/\/schema.org","@graph":[{"@type":"WebPage","@id":"https:\/\/www.azmetrology.com\/de\/digitalizacion-3d\/piezas\/","url":"https:\/\/www.azmetrology.com\/de\/digitalizacion-3d\/piezas\/","name":"Gro\u00dfvolumige Teilen - AZ Metrology","isPartOf":{"@id":"https:\/\/www.azmetrology.com\/de\/#website"},"datePublished":"2019-07-10T11:51:01+00:00","dateModified":"2021-11-24T12:14:16+00:00","breadcrumb":{"@id":"https:\/\/www.azmetrology.com\/de\/digitalizacion-3d\/piezas\/#breadcrumb"},"inLanguage":"de","potentialAction":[{"@type":"ReadAction","target":["https:\/\/www.azmetrology.com\/de\/digitalizacion-3d\/piezas\/"]}]},{"@type":"BreadcrumbList","@id":"https:\/\/www.azmetrology.com\/de\/digitalizacion-3d\/piezas\/#breadcrumb","itemListElement":[{"@type":"ListItem","position":1,"name":"Portada","item":"https:\/\/www.azmetrology.com\/de\/"},{"@type":"ListItem","position":2,"name":"3D DIGITALISIERUNG","item":"https:\/\/www.azmetrology.com\/de\/digitalizacion-3d\/"},{"@type":"ListItem","position":3,"name":"Gro\u00dfvolumige Teilen"}]},{"@type":"WebSite","@id":"https:\/\/www.azmetrology.com\/de\/#website","url":"https:\/\/www.azmetrology.com\/de\/","name":"AZ Metrology","description":"Somos Metr\u00f3logos","potentialAction":[{"@type":"SearchAction","target":{"@type":"EntryPoint","urlTemplate":"https:\/\/www.azmetrology.com\/de\/?s={search_term_string}"},"query-input":"required name=search_term_string"}],"inLanguage":"de"}]}},"_links":{"self":[{"href":"https:\/\/www.azmetrology.com\/de\/wp-json\/wp\/v2\/pages\/3446"}],"collection":[{"href":"https:\/\/www.azmetrology.com\/de\/wp-json\/wp\/v2\/pages"}],"about":[{"href":"https:\/\/www.azmetrology.com\/de\/wp-json\/wp\/v2\/types\/page"}],"author":[{"embeddable":true,"href":"https:\/\/www.azmetrology.com\/de\/wp-json\/wp\/v2\/users\/4"}],"replies":[{"embeddable":true,"href":"https:\/\/www.azmetrology.com\/de\/wp-json\/wp\/v2\/comments?post=3446"}],"version-history":[{"count":5,"href":"https:\/\/www.azmetrology.com\/de\/wp-json\/wp\/v2\/pages\/3446\/revisions"}],"predecessor-version":[{"id":3453,"href":"https:\/\/www.azmetrology.com\/de\/wp-json\/wp\/v2\/pages\/3446\/revisions\/3453"}],"up":[{"embeddable":true,"href":"https:\/\/www.azmetrology.com\/de\/wp-json\/wp\/v2\/pages\/3441"}],"wp:attachment":[{"href":"https:\/\/www.azmetrology.com\/de\/wp-json\/wp\/v2\/media?parent=3446"}],"curies":[{"name":"wp","href":"https:\/\/api.w.org\/{rel}","templated":true}]}}