{"id":3435,"date":"2019-07-13T01:40:25","date_gmt":"2019-07-12T23:40:25","guid":{"rendered":"https:\/\/www.azmetrology.com\/programacion\/"},"modified":"2021-11-24T12:35:54","modified_gmt":"2021-11-24T11:35:54","slug":"programacion","status":"publish","type":"page","link":"https:\/\/www.azmetrology.com\/de\/programacion\/","title":{"rendered":"Ausbildung und Programmierung"},"content":{"rendered":"<p>[et_pb_section fb_built=&#8220;1&#8243; next_background_color=&#8220;#ffffff&#8220; admin_label=&#8220;Hero&#8220; _builder_version=&#8220;4.0.5&#8243; use_background_color_gradient=&#8220;on&#8220; background_color_gradient_start=&#8220;rgba(0,0,0,0)&#8220; background_color_gradient_end=&#8220;rgba(0,0,0,0)&#8220; background_color_gradient_direction=&#8220;70deg&#8220; background_color_gradient_overlays_image=&#8220;on&#8220; background_image=&#8220;https:\/\/www.azmetrology.com\/wp-content\/uploads\/2021\/05\/AZ-Metrology-Formacion-Programacion.jpg&#8220; custom_margin=&#8220;|||&#8220; custom_padding=&#8220;4vw|||||&#8220; bottom_divider_style=&#8220;mountains2&#8243; bottom_divider_height=&#8220;5vw&#8220; bottom_divider_repeat=&#8220;0.5x&#8220; bottom_divider_flip=&#8220;horizontal|vertical&#8220; locked=&#8220;off&#8220; global_colors_info=&#8220;{}&#8220;][et_pb_row _builder_version=&#8220;4.0.5&#8243; custom_margin=&#8220;8px|auto||auto||&#8220; custom_padding=&#8220;0px|0px|0|0px|false|false&#8220; global_colors_info=&#8220;{}&#8220;][et_pb_column type=&#8220;4_4&#8243; _builder_version=&#8220;4.0.5&#8243; custom_padding=&#8220;|||&#8220; global_colors_info=&#8220;{}&#8220; custom_padding__hover=&#8220;|||&#8220;][et_pb_text _builder_version=&#8220;4.14.1&#8243; text_font=&#8220;||||||||&#8220; header_font=&#8220;|700|||||||&#8220; header_font_size=&#8220;61px&#8220; header_line_height=&#8220;1.4em&#8220; header_2_font=&#8220;||||||||&#8220; header_2_text_color=&#8220;#ffffff&#8220; header_2_font_size=&#8220;20px&#8220; header_2_line_height=&#8220;1.4em&#8220; background_enable_image=&#8220;off&#8220; background_layout=&#8220;dark&#8220; custom_margin=&#8220;||63px|0px|false|false&#8220; custom_padding=&#8220;|||15px|false|false&#8220; animation_style=&#8220;slide&#8220; animation_direction=&#8220;right&#8220; animation_intensity_slide=&#8220;4%&#8220; header_font_size_tablet=&#8220;50px&#8220; header_font_size_phone=&#8220;32px&#8220; header_font_size_last_edited=&#8220;on|desktop&#8220; header_2_font_size_tablet=&#8220;&#8220; header_2_font_size_phone=&#8220;24px&#8220; header_2_font_size_last_edited=&#8220;on|phone&#8220; header_text_shadow_style=&#8220;preset1&#8243; header_2_text_shadow_style=&#8220;preset1&#8243; border_width_left=&#8220;6px&#8220; border_color_left=&#8220;#da9500&#8243; global_colors_info=&#8220;{}&#8220;]<\/p>\n<h1>\u200bAusbildung und Programmierung<\/h1>\n<h2><span lang=\"DE\">Entwicklung kundenspezifischer Programme zur Durchf\u00fchrung von Industriemessungen<\/span><\/h2>\n<p>[\/et_pb_text][\/et_pb_column][\/et_pb_row][\/et_pb_section][et_pb_section fb_built=&#8220;1&#8243; admin_label=&#8220;About Us&#8220; _builder_version=&#8220;4.0.5&#8243; background_color=&#8220;#ffffff&#8220; custom_padding=&#8220;54px||3px|||&#8220; locked=&#8220;off&#8220; global_colors_info=&#8220;{}&#8220;][et_pb_row column_structure=&#8220;1_2,1_2&#8243; use_custom_gutter=&#8220;on&#8220; admin_label=&#8220;Content area&#8220; _builder_version=&#8220;4.0.5&#8243; max_width=&#8220;1280px&#8220; custom_padding=&#8220;||4px|||&#8220; animation_style=&#8220;fold&#8220; animation_direction=&#8220;left&#8220; animation_intensity_fold=&#8220;20%&#8220; use_custom_width=&#8220;on&#8220; custom_width_px=&#8220;1280px&#8220; global_colors_info=&#8220;{}&#8220;][et_pb_column type=&#8220;1_2&#8243; _builder_version=&#8220;3.25.4&#8243; custom_padding_tablet=&#8220;&#8220; custom_padding_phone=&#8220;0%|||&#8220; custom_padding_last_edited=&#8220;on|desktop&#8220; global_colors_info=&#8220;{}&#8220; custom_padding__hover=&#8220;|||&#8220;][et_pb_image src=&#8220;https:\/\/www.azmetrology.com\/wp-content\/uploads\/2019\/07\/AZ-METROLOGY-160.jpg&#8220; force_fullwidth=&#8220;on&#8220; align_tablet=&#8220;center&#8220; align_phone=&#8220;&#8220; align_last_edited=&#8220;on|desktop&#8220; _builder_version=&#8220;4.0.5&#8243; custom_margin=&#8220;0%||5%||false|false&#8220; animation_style=&#8220;zoom&#8220; animation_direction=&#8220;left&#8220; animation_delay=&#8220;350ms&#8220; box_shadow_style=&#8220;preset2&#8243; locked=&#8220;off&#8220; global_colors_info=&#8220;{}&#8220;][\/et_pb_image][\/et_pb_column][et_pb_column type=&#8220;1_2&#8243; _builder_version=&#8220;3.25&#8243; custom_padding=&#8220;|||&#8220; global_colors_info=&#8220;{}&#8220; custom_padding__hover=&#8220;|||&#8220;][et_pb_text _builder_version=&#8220;4.14.1&#8243; text_font=&#8220;||||||||&#8220; header_font=&#8220;||||||||&#8220; header_2_font=&#8220;|700|||||||&#8220; header_2_font_size=&#8220;24px&#8220; header_2_line_height=&#8220;1.5em&#8220; header_3_font=&#8220;|700||on|||||&#8220; header_3_text_color=&#8220;rgba(43,51,68,0.2)&#8220; header_4_font=&#8220;|700|||||||&#8220; header_4_font_size=&#8220;22px&#8220; header_4_line_height=&#8220;1.4em&#8220; max_width=&#8220;700px&#8220; custom_margin=&#8220;|||&#8220; custom_padding=&#8220;||0px|||&#8220; hover_enabled=&#8220;0&#8243; header_2_font_size_tablet=&#8220;&#8220; header_2_font_size_phone=&#8220;24px&#8220; header_2_font_size_last_edited=&#8220;on|phone&#8220; locked=&#8220;off&#8220; global_colors_info=&#8220;{}&#8220; sticky_enabled=&#8220;0&#8243;]<\/p>\n<h2>AUSBILDUNG<\/h2>\n<p><strong>Metrologie<\/strong><u><\/u><u><\/u><u><\/u><\/p>\n<p><span lang=\"DE\">Wir teilen unsere langj\u00e4hrige Erfahrung, um den Anforderungen der Metrologie gerecht den Anforderungen.<u><\/u><u><\/u><\/span><u><\/u><\/p>\n<p><span lang=\"DE\">Die Workshops sind daher praxisnah, auf einen bestimmten Bedarf ausgerichtet und bieten in kurzer Zeti viele n\u00fctsliche Informationsressourcen.<u><\/u><u><\/u><\/span><\/p>\n<p><strong>Einsatz und tragebaren Messger\u00e4ten<\/strong><u><\/u><u><\/u><u><\/u><\/p>\n<p><span lang=\"DE\">Als Messtechniker verwenden wir t\u00e4glich sowohl Messsoftware als auch Messger\u00e4te, so, dass wir einen praktischen \u00dcberblick \u00fcber die einzelnen Elemente entsprechend den tats\u00e4chlichen Bed\u00fcrfnissen des Marktes haben.<u><\/u><u><\/u><\/span><\/p>\n<p><strong>Messsoftware<\/strong><u><\/u><u><\/u><u><\/u><\/p>\n<p><span lang=\"DE\">Workshops zur Verwendung von Software f\u00fcr die industrielle Messtechnik:<u><\/u><u><\/u><\/span><\/p>\n<p><span lang=\"DE\">Metrolog, PCDmis, Polyworks, die speziell auf die jeweiligen Bed\u00fcrfnisse zugeschnittene Schulungen anbieten.<\/span><\/p>\n<p><span lang=\"DE\"><\/span><\/p>\n<p><span lang=\"DE\"><\/span><\/p>\n<p>[\/et_pb_text][\/et_pb_column][\/et_pb_row][\/et_pb_section][et_pb_section fb_built=&#8220;1&#8243; disabled_on=&#8220;off|off|off&#8220; admin_label=&#8220;Misi\u00f3n&#8220; _builder_version=&#8220;4.0.5&#8243; background_color=&#8220;#f1f1f1&#8243; custom_padding=&#8220;47px|||||&#8220; locked=&#8220;off&#8220; global_colors_info=&#8220;{}&#8220;][et_pb_row use_custom_gutter=&#8220;on&#8220; gutter_width=&#8220;2&#8243; _builder_version=&#8220;4.0.5&#8243; global_colors_info=&#8220;{}&#8220;][et_pb_column type=&#8220;4_4&#8243; _builder_version=&#8220;4.0.5&#8243; global_colors_info=&#8220;{}&#8220;][et_pb_text _builder_version=&#8220;4.14.1&#8243; text_font=&#8220;||||||||&#8220; header_font=&#8220;||||||||&#8220; header_2_font=&#8220;|700|||||||&#8220; header_2_font_size=&#8220;24px&#8220; header_2_line_height=&#8220;1.5em&#8220; header_3_font=&#8220;|700||on|||||&#8220; header_3_text_color=&#8220;rgba(43,51,68,0.2)&#8220; header_4_font=&#8220;|700|||||||&#8220; header_4_text_color=&#8220;#da9500&#8243; header_4_line_height=&#8220;1.4em&#8220; custom_margin=&#8220;|||&#8220; custom_padding=&#8220;||0px|||&#8220; header_2_font_size_tablet=&#8220;&#8220; header_2_font_size_phone=&#8220;24px&#8220; header_2_font_size_last_edited=&#8220;on|phone&#8220; locked=&#8220;off&#8220; global_colors_info=&#8220;{}&#8220;]<\/p>\n<h2 align=\"center\">PROGRAMMIEREN<\/h2>\n<h4 align=\"center\"><span lang=\"DE\">Entwicklung von ma\u00dfgeschneiderten Programmen und Vorlagen f\u00fcr industrielle Messungen<\/span><\/h4>\n<ul>\n<li>Der Programmierdienst kann von Messtechnikern, die mit der Bedienung solcher Programme vertraut sind,\u00a0<strong>on-offline\u00a0<\/strong>durchgef\u00fchrt werden.<\/li>\n<li>Es ist nicht notwendig, das Teil zu haben, ein CAD-Modell ist ausreichend.<\/li>\n<li>Wir bringen Praktikabilit\u00e4t und Wirtschaftlichkeit in Ihre Messung ein, sowie frische Ideen aus Erfahrung.<\/li>\n<li>Nennen Sie uns Ihre Bed\u00fcrfnisse und die zu verwendende Sprache, und wir werden Sie durch den gesamten Prozess betreuen.<\/li>\n<\/ul>\n<p>&nbsp;<\/p>\n<p>[\/et_pb_text][\/et_pb_column][\/et_pb_row][et_pb_row column_structure=&#8220;1_3,1_3,1_3&#8243; _builder_version=&#8220;4.0.5&#8243; global_colors_info=&#8220;{}&#8220;][et_pb_column type=&#8220;1_3&#8243; _builder_version=&#8220;4.0.5&#8243; global_colors_info=&#8220;{}&#8220;][et_pb_image src=&#8220;https:\/\/www.azmetrology.com\/wp-content\/uploads\/2019\/10\/logo_metrolog.jpg&#8220; _builder_version=&#8220;4.14.1&#8243; global_colors_info=&#8220;{}&#8220;][\/et_pb_image][et_pb_image src=&#8220;https:\/\/www.azmetrology.com\/wp-content\/uploads\/2021\/05\/AZ-Metrology-programacion-01.jpg&#8220; _builder_version=&#8220;4.14.1&#8243; global_colors_info=&#8220;{}&#8220;][\/et_pb_image][\/et_pb_column][et_pb_column type=&#8220;1_3&#8243; _builder_version=&#8220;4.0.5&#8243; global_colors_info=&#8220;{}&#8220;][et_pb_image src=&#8220;https:\/\/www.azmetrology.com\/wp-content\/uploads\/2019\/10\/logo_polyworks.jpg&#8220; _builder_version=&#8220;4.0.5&#8243; global_colors_info=&#8220;{}&#8220;][\/et_pb_image][et_pb_image src=&#8220;https:\/\/www.azmetrology.com\/wp-content\/uploads\/2021\/05\/AZ-Metrology-programacion-02.jpg&#8220; _builder_version=&#8220;4.0.5&#8243; global_colors_info=&#8220;{}&#8220;][\/et_pb_image][\/et_pb_column][et_pb_column type=&#8220;1_3&#8243; _builder_version=&#8220;4.0.5&#8243; global_colors_info=&#8220;{}&#8220;][et_pb_image src=&#8220;https:\/\/www.azmetrology.com\/wp-content\/uploads\/2019\/10\/logo_pcdmis.jpg&#8220; _builder_version=&#8220;4.0.5&#8243; global_colors_info=&#8220;{}&#8220;][\/et_pb_image][et_pb_image src=&#8220;https:\/\/www.azmetrology.com\/wp-content\/uploads\/2021\/05\/AZ-Metrology-programacion-03.jpg&#8220; _builder_version=&#8220;4.0.5&#8243; global_colors_info=&#8220;{}&#8220;][\/et_pb_image][\/et_pb_column][\/et_pb_row][\/et_pb_section]<\/p>\n","protected":false},"excerpt":{"rendered":"<p>\u200bAusbildung und Programmierung Entwicklung kundenspezifischer Programme zur Durchf\u00fchrung von IndustriemessungenAUSBILDUNG Metrologie Wir teilen unsere langj\u00e4hrige Erfahrung, um den Anforderungen der Metrologie gerecht den Anforderungen. Die Workshops sind daher praxisnah, auf einen bestimmten Bedarf ausgerichtet und bieten in kurzer Zeti viele n\u00fctsliche Informationsressourcen. Einsatz und tragebaren Messger\u00e4ten Als Messtechniker verwenden wir t\u00e4glich sowohl Messsoftware als auch [&hellip;]<\/p>\n","protected":false},"author":4,"featured_media":0,"parent":0,"menu_order":0,"comment_status":"closed","ping_status":"closed","template":"","meta":{"_et_pb_use_builder":"on","_et_pb_old_content":"","_et_gb_content_width":""},"yoast_head":"<!-- This site is optimized with the Yoast SEO plugin v19.10 - https:\/\/yoast.com\/wordpress\/plugins\/seo\/ -->\n<title>Ausbildung und Programmierung - AZ Metrology<\/title>\n<meta name=\"robots\" content=\"index, follow, max-snippet:-1, max-image-preview:large, max-video-preview:-1\" \/>\n<link rel=\"canonical\" href=\"https:\/\/www.azmetrology.com\/de\/programacion\/\" \/>\n<meta property=\"og:locale\" content=\"de_DE\" \/>\n<meta property=\"og:type\" content=\"article\" \/>\n<meta property=\"og:title\" content=\"Ausbildung und Programmierung - AZ Metrology\" \/>\n<meta property=\"og:description\" content=\"\u200bAusbildung und Programmierung Entwicklung kundenspezifischer Programme zur Durchf\u00fchrung von IndustriemessungenAUSBILDUNG Metrologie Wir teilen unsere langj\u00e4hrige Erfahrung, um den Anforderungen der Metrologie gerecht den Anforderungen. Die Workshops sind daher praxisnah, auf einen bestimmten Bedarf ausgerichtet und bieten in kurzer Zeti viele n\u00fctsliche Informationsressourcen. Einsatz und tragebaren Messger\u00e4ten Als Messtechniker verwenden wir t\u00e4glich sowohl Messsoftware als auch [&hellip;]\" \/>\n<meta property=\"og:url\" content=\"https:\/\/www.azmetrology.com\/de\/programacion\/\" \/>\n<meta property=\"og:site_name\" content=\"AZ Metrology\" \/>\n<meta property=\"article:modified_time\" content=\"2021-11-24T11:35:54+00:00\" \/>\n<meta name=\"twitter:card\" content=\"summary_large_image\" \/>\n<meta name=\"twitter:label1\" content=\"Gesch\u00e4tzte Lesezeit\" \/>\n\t<meta name=\"twitter:data1\" content=\"5\u00a0Minuten\" \/>\n<script type=\"application\/ld+json\" class=\"yoast-schema-graph\">{\"@context\":\"https:\/\/schema.org\",\"@graph\":[{\"@type\":\"WebPage\",\"@id\":\"https:\/\/www.azmetrology.com\/de\/programacion\/\",\"url\":\"https:\/\/www.azmetrology.com\/de\/programacion\/\",\"name\":\"Ausbildung und Programmierung - AZ Metrology\",\"isPartOf\":{\"@id\":\"https:\/\/www.azmetrology.com\/de\/#website\"},\"datePublished\":\"2019-07-12T23:40:25+00:00\",\"dateModified\":\"2021-11-24T11:35:54+00:00\",\"breadcrumb\":{\"@id\":\"https:\/\/www.azmetrology.com\/de\/programacion\/#breadcrumb\"},\"inLanguage\":\"de\",\"potentialAction\":[{\"@type\":\"ReadAction\",\"target\":[\"https:\/\/www.azmetrology.com\/de\/programacion\/\"]}]},{\"@type\":\"BreadcrumbList\",\"@id\":\"https:\/\/www.azmetrology.com\/de\/programacion\/#breadcrumb\",\"itemListElement\":[{\"@type\":\"ListItem\",\"position\":1,\"name\":\"Portada\",\"item\":\"https:\/\/www.azmetrology.com\/de\/\"},{\"@type\":\"ListItem\",\"position\":2,\"name\":\"Ausbildung und Programmierung\"}]},{\"@type\":\"WebSite\",\"@id\":\"https:\/\/www.azmetrology.com\/de\/#website\",\"url\":\"https:\/\/www.azmetrology.com\/de\/\",\"name\":\"AZ Metrology\",\"description\":\"Somos Metr\u00f3logos\",\"potentialAction\":[{\"@type\":\"SearchAction\",\"target\":{\"@type\":\"EntryPoint\",\"urlTemplate\":\"https:\/\/www.azmetrology.com\/de\/?s={search_term_string}\"},\"query-input\":\"required name=search_term_string\"}],\"inLanguage\":\"de\"}]}<\/script>\n<!-- \/ Yoast SEO plugin. -->","yoast_head_json":{"title":"Ausbildung und Programmierung - AZ Metrology","robots":{"index":"index","follow":"follow","max-snippet":"max-snippet:-1","max-image-preview":"max-image-preview:large","max-video-preview":"max-video-preview:-1"},"canonical":"https:\/\/www.azmetrology.com\/de\/programacion\/","og_locale":"de_DE","og_type":"article","og_title":"Ausbildung und Programmierung - AZ Metrology","og_description":"\u200bAusbildung und Programmierung Entwicklung kundenspezifischer Programme zur Durchf\u00fchrung von IndustriemessungenAUSBILDUNG Metrologie Wir teilen unsere langj\u00e4hrige Erfahrung, um den Anforderungen der Metrologie gerecht den Anforderungen. Die Workshops sind daher praxisnah, auf einen bestimmten Bedarf ausgerichtet und bieten in kurzer Zeti viele n\u00fctsliche Informationsressourcen. Einsatz und tragebaren Messger\u00e4ten Als Messtechniker verwenden wir t\u00e4glich sowohl Messsoftware als auch [&hellip;]","og_url":"https:\/\/www.azmetrology.com\/de\/programacion\/","og_site_name":"AZ Metrology","article_modified_time":"2021-11-24T11:35:54+00:00","twitter_card":"summary_large_image","twitter_misc":{"Gesch\u00e4tzte Lesezeit":"5\u00a0Minuten"},"schema":{"@context":"https:\/\/schema.org","@graph":[{"@type":"WebPage","@id":"https:\/\/www.azmetrology.com\/de\/programacion\/","url":"https:\/\/www.azmetrology.com\/de\/programacion\/","name":"Ausbildung und Programmierung - AZ Metrology","isPartOf":{"@id":"https:\/\/www.azmetrology.com\/de\/#website"},"datePublished":"2019-07-12T23:40:25+00:00","dateModified":"2021-11-24T11:35:54+00:00","breadcrumb":{"@id":"https:\/\/www.azmetrology.com\/de\/programacion\/#breadcrumb"},"inLanguage":"de","potentialAction":[{"@type":"ReadAction","target":["https:\/\/www.azmetrology.com\/de\/programacion\/"]}]},{"@type":"BreadcrumbList","@id":"https:\/\/www.azmetrology.com\/de\/programacion\/#breadcrumb","itemListElement":[{"@type":"ListItem","position":1,"name":"Portada","item":"https:\/\/www.azmetrology.com\/de\/"},{"@type":"ListItem","position":2,"name":"Ausbildung und Programmierung"}]},{"@type":"WebSite","@id":"https:\/\/www.azmetrology.com\/de\/#website","url":"https:\/\/www.azmetrology.com\/de\/","name":"AZ Metrology","description":"Somos Metr\u00f3logos","potentialAction":[{"@type":"SearchAction","target":{"@type":"EntryPoint","urlTemplate":"https:\/\/www.azmetrology.com\/de\/?s={search_term_string}"},"query-input":"required name=search_term_string"}],"inLanguage":"de"}]}},"_links":{"self":[{"href":"https:\/\/www.azmetrology.com\/de\/wp-json\/wp\/v2\/pages\/3435"}],"collection":[{"href":"https:\/\/www.azmetrology.com\/de\/wp-json\/wp\/v2\/pages"}],"about":[{"href":"https:\/\/www.azmetrology.com\/de\/wp-json\/wp\/v2\/types\/page"}],"author":[{"embeddable":true,"href":"https:\/\/www.azmetrology.com\/de\/wp-json\/wp\/v2\/users\/4"}],"replies":[{"embeddable":true,"href":"https:\/\/www.azmetrology.com\/de\/wp-json\/wp\/v2\/comments?post=3435"}],"version-history":[{"count":4,"href":"https:\/\/www.azmetrology.com\/de\/wp-json\/wp\/v2\/pages\/3435\/revisions"}],"predecessor-version":[{"id":3440,"href":"https:\/\/www.azmetrology.com\/de\/wp-json\/wp\/v2\/pages\/3435\/revisions\/3440"}],"wp:attachment":[{"href":"https:\/\/www.azmetrology.com\/de\/wp-json\/wp\/v2\/media?parent=3435"}],"curies":[{"name":"wp","href":"https:\/\/api.w.org\/{rel}","templated":true}]}}