{"id":3427,"date":"2019-07-10T13:56:22","date_gmt":"2019-07-10T11:56:22","guid":{"rendered":"https:\/\/www.azmetrology.com\/ingenieria-inversa\/"},"modified":"2024-05-28T17:32:36","modified_gmt":"2024-05-28T15:32:36","slug":"ingenieria-inversa","status":"publish","type":"page","link":"https:\/\/www.azmetrology.com\/de\/ingenieria-inversa\/","title":{"rendered":"Reverse Engineering"},"content":{"rendered":"<p>[et_pb_section fb_built=&#8220;1&#8243; next_background_color=&#8220;#ffffff&#8220; admin_label=&#8220;Hero&#8220; _builder_version=&#8220;4.16&#8243; use_background_color_gradient=&#8220;on&#8220; background_color_gradient_direction=&#8220;70deg&#8220; background_color_gradient_stops=&#8220;rgba(0,0,0,0) 0%|rgba(0,0,0,0) 100%&#8220; background_color_gradient_overlays_image=&#8220;on&#8220; background_color_gradient_start=&#8220;rgba(0,0,0,0)&#8220; background_color_gradient_end=&#8220;rgba(0,0,0,0)&#8220; background_image=&#8220;https:\/\/www.azmetrology.com\/wp-content\/uploads\/2021\/05\/AZ_Metrology-Ingenieria-Inversa.jpg&#8220; custom_margin=&#8220;|||&#8220; custom_padding=&#8220;4vw|||||&#8220; bottom_divider_style=&#8220;mountains2&#8243; bottom_divider_height=&#8220;5vw&#8220; bottom_divider_repeat=&#8220;0.5x&#8220; bottom_divider_flip=&#8220;horizontal|vertical&#8220; locked=&#8220;off&#8220; global_colors_info=&#8220;{}&#8220;][et_pb_row _builder_version=&#8220;4.16&#8243; custom_margin=&#8220;8px|auto||auto||&#8220; custom_padding=&#8220;0px|0px|0|0px|false|false&#8220; global_colors_info=&#8220;{}&#8220;][et_pb_column type=&#8220;4_4&#8243; _builder_version=&#8220;4.16&#8243; custom_padding=&#8220;|||&#8220; global_colors_info=&#8220;{}&#8220; custom_padding__hover=&#8220;|||&#8220;][et_pb_text _builder_version=&#8220;4.16&#8243; text_font=&#8220;||||||||&#8220; header_font=&#8220;|700|||||||&#8220; header_font_size=&#8220;61px&#8220; header_line_height=&#8220;1.4em&#8220; header_2_font=&#8220;||||||||&#8220; header_2_text_color=&#8220;#ffffff&#8220; header_2_font_size=&#8220;20px&#8220; header_2_line_height=&#8220;1.4em&#8220; background_enable_image=&#8220;off&#8220; background_layout=&#8220;dark&#8220; custom_margin=&#8220;||63px|0px|false|false&#8220; custom_padding=&#8220;|||15px|false|false&#8220; animation_style=&#8220;slide&#8220; animation_direction=&#8220;right&#8220; animation_intensity_slide=&#8220;4%&#8220; header_font_size_tablet=&#8220;50px&#8220; header_font_size_phone=&#8220;32px&#8220; header_font_size_last_edited=&#8220;on|desktop&#8220; header_2_font_size_tablet=&#8220;&#8220; header_2_font_size_phone=&#8220;24px&#8220; header_2_font_size_last_edited=&#8220;on|phone&#8220; header_text_shadow_style=&#8220;preset1&#8243; header_2_text_shadow_style=&#8220;preset1&#8243; border_width_left=&#8220;6px&#8220; border_color_left=&#8220;#da9500&#8243; global_colors_info=&#8220;{}&#8220;]<\/p>\n<h1>\u200bReverse Engineering<\/h1>\n<h2>3D-Scan- und Digitalisierungstechnologie<\/h2>\n<p>[\/et_pb_text][\/et_pb_column][\/et_pb_row][\/et_pb_section][et_pb_section fb_built=&#8220;1&#8243; admin_label=&#8220;About Us&#8220; _builder_version=&#8220;4.16&#8243; background_color=&#8220;#ffffff&#8220; custom_padding=&#8220;54px||3px|||&#8220; locked=&#8220;off&#8220; global_colors_info=&#8220;{}&#8220;][et_pb_row column_structure=&#8220;1_2,1_2&#8243; use_custom_gutter=&#8220;on&#8220; admin_label=&#8220;Content area&#8220; _builder_version=&#8220;4.16&#8243; max_width=&#8220;1280px&#8220; custom_padding=&#8220;||4px|||&#8220; animation_style=&#8220;fold&#8220; animation_direction=&#8220;left&#8220; animation_intensity_fold=&#8220;20%&#8220; use_custom_width=&#8220;on&#8220; custom_width_px=&#8220;1280px&#8220; global_colors_info=&#8220;{}&#8220;][et_pb_column type=&#8220;1_2&#8243; _builder_version=&#8220;4.16&#8243; custom_padding_tablet=&#8220;&#8220; custom_padding_phone=&#8220;0%|||&#8220; custom_padding_last_edited=&#8220;on|desktop&#8220; global_colors_info=&#8220;{}&#8220; custom_padding__hover=&#8220;|||&#8220;][et_pb_image src=&#8220;https:\/\/www.azmetrology.com\/wp-content\/uploads\/2021\/05\/AZ_Metrology-pieza-mecanizada-Ingenieria-Inversa.jpg&#8220; force_fullwidth=&#8220;on&#8220; align_tablet=&#8220;center&#8220; align_phone=&#8220;&#8220; align_last_edited=&#8220;on|desktop&#8220; _builder_version=&#8220;4.16&#8243; custom_margin=&#8220;||10%||false|false&#8220; animation_style=&#8220;zoom&#8220; animation_direction=&#8220;left&#8220; animation_delay=&#8220;350ms&#8220; locked=&#8220;off&#8220; global_colors_info=&#8220;{}&#8220;][\/et_pb_image][\/et_pb_column][et_pb_column type=&#8220;1_2&#8243; _builder_version=&#8220;4.16&#8243; custom_padding=&#8220;|||&#8220; global_colors_info=&#8220;{}&#8220; custom_padding__hover=&#8220;|||&#8220;][et_pb_text _builder_version=&#8220;4.16&#8243; text_font=&#8220;||||||||&#8220; header_font=&#8220;||||||||&#8220; header_2_font=&#8220;|700|||||||&#8220; header_2_font_size=&#8220;24px&#8220; header_2_line_height=&#8220;1.5em&#8220; header_3_font=&#8220;|700||on|||||&#8220; header_3_text_color=&#8220;rgba(43,51,68,0.2)&#8220; header_4_font=&#8220;|700|||||||&#8220; header_4_font_size=&#8220;22px&#8220; header_4_line_height=&#8220;1.4em&#8220; max_width=&#8220;700px&#8220; custom_margin=&#8220;|||&#8220; custom_padding=&#8220;||0px|||&#8220; header_2_font_size_tablet=&#8220;&#8220; header_2_font_size_phone=&#8220;24px&#8220; header_2_font_size_last_edited=&#8220;on|phone&#8220; locked=&#8220;off&#8220; global_colors_info=&#8220;{}&#8220;]<\/p>\n<h2><b><span lang=\"DE\">Reverse Engineering<\/span><\/b><span lang=\"DE\"><span>\u00a0<\/span>ist\u00a0 ein Proze\u00df, der mit dem Ziel durchgef\u00fchrt wird, so viele technische Informationen wie m\u00f6glich \u00fcber ein Produkt zu erhalten, indem es<span>\u00a0<\/span><b>digitalisiert<\/b><span>\u00a0<\/span>wird<\/span><\/h2>\n<p>Puede utilizarlo en todos aquellos componentes que est\u00e9n funcionando correctamente y no disponga de documentaci\u00f3n t\u00e9cnica (2D y 3D) y desee realizar r\u00e9plicas.<\/p>\n<p>Pasos a desarrollar en procesos de ingenier\u00eda inversa:<\/p>\n<p>&nbsp;<\/p>\n<ul>\n<li>A partir de un pieza f\u00edsica realizamos un <b>barrido completo de nube de puntos <\/b>sobre ella, mediante\u00a0 sistemas escaneado 3D o fotogrametr\u00eda. Consiguiendo un <b>gemelo digital <\/b>de alta precisi\u00f3n en tiempo real.<\/li>\n<li>Una vez generada\u00a0 la nube de puntos,\u00a0 debemos de trabajarla para generar una <b>malla 3D (fichero .STL)<\/b>, la cual representara la pieza f\u00edsica en su totalidad.<\/li>\n<li>A partir de la malla 3D generaremos un <b>solido 3D <\/b>que pueda ser analizado y retrabajado con cualquier programa 3D CAD\/CAM.<\/li>\n<li>Si usted lo desea podemos realizar un paso mas\u2026 Generar\u00a0 un <b>dise\u00f1o mec\u00e1nico parametrizado 3D <\/b>para eliminar todo tipo de imperfecci\u00f3n de su pieza (seg\u00fan el escaneado) y que todas las superficies tengan magnitud de curvatura y continuidad de superficies.<\/li>\n<\/ul>\n<p>[\/et_pb_text][\/et_pb_column][\/et_pb_row][\/et_pb_section][et_pb_section fb_built=&#8220;1&#8243; _builder_version=&#8220;4.16&#8243; background_color=&#8220;#f1f1f1&#8243; custom_padding=&#8220;||0px|||&#8220; global_colors_info=&#8220;{}&#8220;][et_pb_row _builder_version=&#8220;4.16&#8243; global_colors_info=&#8220;{}&#8220;][et_pb_column type=&#8220;4_4&#8243; _builder_version=&#8220;4.16&#8243; global_colors_info=&#8220;{}&#8220;][et_pb_text _builder_version=&#8220;4.16&#8243; header_3_font=&#8220;|700|||||||&#8220; hover_enabled=&#8220;0&#8243; global_colors_info=&#8220;{}&#8220; sticky_enabled=&#8220;0&#8243;]<\/p>\n<h3 style=\"text-align: center;\">Ventajas de la Ingenier\u00eda Inversa<\/h3>\n<p>[\/et_pb_text][\/et_pb_column][\/et_pb_row][\/et_pb_section][et_pb_section fb_built=&#8220;1&#8243; disabled_on=&#8220;off|off|off&#8220; admin_label=&#8220;Misi\u00f3n&#8220; _builder_version=&#8220;4.16&#8243; background_color=&#8220;#f1f1f1&#8243; custom_padding=&#8220;3px|||||&#8220; locked=&#8220;off&#8220; global_colors_info=&#8220;{}&#8220;][et_pb_row column_structure=&#8220;1_2,1_2&#8243; use_custom_gutter=&#8220;on&#8220; gutter_width=&#8220;2&#8243; _builder_version=&#8220;4.16&#8243; global_colors_info=&#8220;{}&#8220;][et_pb_column type=&#8220;1_2&#8243; _builder_version=&#8220;4.16&#8243; global_colors_info=&#8220;{}&#8220;][et_pb_text _builder_version=&#8220;4.16&#8243; text_font=&#8220;||||||||&#8220; header_font=&#8220;||||||||&#8220; header_2_font=&#8220;|700|||||||&#8220; header_2_font_size=&#8220;24px&#8220; header_2_line_height=&#8220;1.5em&#8220; header_3_font=&#8220;|700||on|||||&#8220; header_3_text_color=&#8220;rgba(0,0,0,0.85)&#8220; header_4_font=&#8220;|700|||||||&#8220; header_4_font_size=&#8220;22px&#8220; header_4_line_height=&#8220;1.4em&#8220; max_width=&#8220;700px&#8220; custom_margin=&#8220;|||&#8220; custom_padding=&#8220;||0px|||&#8220; header_2_font_size_tablet=&#8220;&#8220; header_2_font_size_phone=&#8220;24px&#8220; header_2_font_size_last_edited=&#8220;on|phone&#8220; locked=&#8220;off&#8220; global_colors_info=&#8220;{}&#8220;]<\/p>\n<ul>\n<li>Innovaci\u00f3n y mejora.<\/li>\n<li>Realiza prototipos r\u00e1pidamente.<\/li>\n<li>Diagn\u00f3stico de fallos.<\/li>\n<\/ul>\n<p>[\/et_pb_text][\/et_pb_column][et_pb_column type=&#8220;1_2&#8243; _builder_version=&#8220;4.16&#8243; global_colors_info=&#8220;{}&#8220;][et_pb_text _builder_version=&#8220;4.16&#8243; text_font=&#8220;||||||||&#8220; header_font=&#8220;||||||||&#8220; header_2_font=&#8220;|700|||||||&#8220; header_2_font_size=&#8220;24px&#8220; header_2_line_height=&#8220;1.5em&#8220; header_3_font=&#8220;|700||on|||||&#8220; header_3_text_color=&#8220;rgba(0,0,0,0.85)&#8220; header_4_font=&#8220;|700|||||||&#8220; header_4_font_size=&#8220;22px&#8220; header_4_line_height=&#8220;1.4em&#8220; max_width=&#8220;700px&#8220; custom_margin=&#8220;|||&#8220; custom_padding=&#8220;||0px|||&#8220; header_2_font_size_tablet=&#8220;&#8220; header_2_font_size_phone=&#8220;24px&#8220; header_2_font_size_last_edited=&#8220;on|phone&#8220; locked=&#8220;off&#8220; global_colors_info=&#8220;{}&#8220;]<\/p>\n<ul>\n<li>Disminuye el costo en desarrollar nuevos productos.<\/li>\n<li>Analiza los productos de tus competidores.<\/li>\n<li>Compatibilidad entre materiales.<\/li>\n<\/ul>\n<p>[\/et_pb_text][\/et_pb_column][\/et_pb_row][\/et_pb_section][et_pb_section fb_built=&#8220;1&#8243; disabled_on=&#8220;off|off|off&#8220; admin_label=&#8220;Misi\u00f3n&#8220; _builder_version=&#8220;4.16&#8243; background_color=&#8220;#ffffff&#8220; locked=&#8220;off&#8220; global_colors_info=&#8220;{}&#8220;][et_pb_row use_custom_gutter=&#8220;on&#8220; gutter_width=&#8220;2&#8243; _builder_version=&#8220;4.16&#8243; max_width=&#8220;1280px&#8220; global_colors_info=&#8220;{}&#8220;][et_pb_column type=&#8220;4_4&#8243; _builder_version=&#8220;4.16&#8243; global_colors_info=&#8220;{}&#8220;][et_pb_text _builder_version=&#8220;4.16&#8243; custom_padding=&#8220;||26px|||&#8220; global_colors_info=&#8220;{}&#8220;]<\/p>\n<h2 style=\"text-align: center;\"><strong>Bildergalerie<\/strong><\/h2>\n<p>[\/et_pb_text][et_pb_gallery gallery_ids=&#8220;4036,4075,4068,3987,3989,3999,3994,4052,4050,4006,4046,4064,4062,4060,4058,4056,4054&#8243; show_title_and_caption=&#8220;off&#8220; hover_overlay_color=&#8220;rgba(255,255,255,0.52)&#8220; _builder_version=&#8220;4.19.0&#8243; hover_enabled=&#8220;0&#8243; box_shadow_style_image=&#8220;preset2&#8243; global_colors_info=&#8220;{}&#8220; sticky_enabled=&#8220;0&#8243;][\/et_pb_gallery][\/et_pb_column][\/et_pb_row][\/et_pb_section]<\/p>\n","protected":false},"excerpt":{"rendered":"<p>\u200bReverse Engineering 3D-Scan- und DigitalisierungstechnologieReverse Engineering\u00a0ist\u00a0 ein Proze\u00df, der mit dem Ziel durchgef\u00fchrt wird, so viele technische Informationen wie m\u00f6glich \u00fcber ein Produkt zu erhalten, indem es\u00a0digitalisiert\u00a0wird Puede utilizarlo en todos aquellos componentes que est\u00e9n funcionando correctamente y no disponga de documentaci\u00f3n t\u00e9cnica (2D y 3D) y desee realizar r\u00e9plicas. Pasos a desarrollar en procesos [&hellip;]<\/p>\n","protected":false},"author":4,"featured_media":0,"parent":0,"menu_order":0,"comment_status":"closed","ping_status":"closed","template":"","meta":{"_et_pb_use_builder":"on","_et_pb_old_content":"","_et_gb_content_width":""},"yoast_head":"<!-- This site is optimized with the Yoast SEO plugin v19.10 - https:\/\/yoast.com\/wordpress\/plugins\/seo\/ -->\n<title>Reverse Engineering - AZ Metrology<\/title>\n<meta name=\"robots\" content=\"index, follow, max-snippet:-1, max-image-preview:large, max-video-preview:-1\" \/>\n<link rel=\"canonical\" href=\"https:\/\/www.azmetrology.com\/de\/ingenieria-inversa\/\" \/>\n<meta property=\"og:locale\" content=\"de_DE\" \/>\n<meta property=\"og:type\" content=\"article\" \/>\n<meta property=\"og:title\" content=\"Reverse Engineering - AZ Metrology\" \/>\n<meta property=\"og:description\" content=\"\u200bReverse Engineering 3D-Scan- und DigitalisierungstechnologieReverse Engineering\u00a0ist\u00a0 ein Proze\u00df, der mit dem Ziel durchgef\u00fchrt wird, so viele technische Informationen wie m\u00f6glich \u00fcber ein Produkt zu erhalten, indem es\u00a0digitalisiert\u00a0wird Puede utilizarlo en todos aquellos componentes que est\u00e9n funcionando correctamente y no disponga de documentaci\u00f3n t\u00e9cnica (2D y 3D) y desee realizar r\u00e9plicas. Pasos a desarrollar en procesos [&hellip;]\" \/>\n<meta property=\"og:url\" content=\"https:\/\/www.azmetrology.com\/de\/ingenieria-inversa\/\" \/>\n<meta property=\"og:site_name\" content=\"AZ Metrology\" \/>\n<meta property=\"article:modified_time\" content=\"2024-05-28T15:32:36+00:00\" \/>\n<meta name=\"twitter:card\" content=\"summary_large_image\" \/>\n<meta name=\"twitter:label1\" content=\"Gesch\u00e4tzte Lesezeit\" \/>\n\t<meta name=\"twitter:data1\" content=\"2\u00a0Minuten\" \/>\n<script type=\"application\/ld+json\" class=\"yoast-schema-graph\">{\"@context\":\"https:\/\/schema.org\",\"@graph\":[{\"@type\":\"WebPage\",\"@id\":\"https:\/\/www.azmetrology.com\/de\/ingenieria-inversa\/\",\"url\":\"https:\/\/www.azmetrology.com\/de\/ingenieria-inversa\/\",\"name\":\"Reverse Engineering - AZ Metrology\",\"isPartOf\":{\"@id\":\"https:\/\/www.azmetrology.com\/de\/#website\"},\"datePublished\":\"2019-07-10T11:56:22+00:00\",\"dateModified\":\"2024-05-28T15:32:36+00:00\",\"breadcrumb\":{\"@id\":\"https:\/\/www.azmetrology.com\/de\/ingenieria-inversa\/#breadcrumb\"},\"inLanguage\":\"de\",\"potentialAction\":[{\"@type\":\"ReadAction\",\"target\":[\"https:\/\/www.azmetrology.com\/de\/ingenieria-inversa\/\"]}]},{\"@type\":\"BreadcrumbList\",\"@id\":\"https:\/\/www.azmetrology.com\/de\/ingenieria-inversa\/#breadcrumb\",\"itemListElement\":[{\"@type\":\"ListItem\",\"position\":1,\"name\":\"Portada\",\"item\":\"https:\/\/www.azmetrology.com\/de\/\"},{\"@type\":\"ListItem\",\"position\":2,\"name\":\"Reverse Engineering\"}]},{\"@type\":\"WebSite\",\"@id\":\"https:\/\/www.azmetrology.com\/de\/#website\",\"url\":\"https:\/\/www.azmetrology.com\/de\/\",\"name\":\"AZ Metrology\",\"description\":\"Somos Metr\u00f3logos\",\"potentialAction\":[{\"@type\":\"SearchAction\",\"target\":{\"@type\":\"EntryPoint\",\"urlTemplate\":\"https:\/\/www.azmetrology.com\/de\/?s={search_term_string}\"},\"query-input\":\"required name=search_term_string\"}],\"inLanguage\":\"de\"}]}<\/script>\n<!-- \/ Yoast SEO plugin. -->","yoast_head_json":{"title":"Reverse Engineering - AZ Metrology","robots":{"index":"index","follow":"follow","max-snippet":"max-snippet:-1","max-image-preview":"max-image-preview:large","max-video-preview":"max-video-preview:-1"},"canonical":"https:\/\/www.azmetrology.com\/de\/ingenieria-inversa\/","og_locale":"de_DE","og_type":"article","og_title":"Reverse Engineering - AZ Metrology","og_description":"\u200bReverse Engineering 3D-Scan- und DigitalisierungstechnologieReverse Engineering\u00a0ist\u00a0 ein Proze\u00df, der mit dem Ziel durchgef\u00fchrt wird, so viele technische Informationen wie m\u00f6glich \u00fcber ein Produkt zu erhalten, indem es\u00a0digitalisiert\u00a0wird Puede utilizarlo en todos aquellos componentes que est\u00e9n funcionando correctamente y no disponga de documentaci\u00f3n t\u00e9cnica (2D y 3D) y desee realizar r\u00e9plicas. Pasos a desarrollar en procesos [&hellip;]","og_url":"https:\/\/www.azmetrology.com\/de\/ingenieria-inversa\/","og_site_name":"AZ Metrology","article_modified_time":"2024-05-28T15:32:36+00:00","twitter_card":"summary_large_image","twitter_misc":{"Gesch\u00e4tzte Lesezeit":"2\u00a0Minuten"},"schema":{"@context":"https:\/\/schema.org","@graph":[{"@type":"WebPage","@id":"https:\/\/www.azmetrology.com\/de\/ingenieria-inversa\/","url":"https:\/\/www.azmetrology.com\/de\/ingenieria-inversa\/","name":"Reverse Engineering - AZ Metrology","isPartOf":{"@id":"https:\/\/www.azmetrology.com\/de\/#website"},"datePublished":"2019-07-10T11:56:22+00:00","dateModified":"2024-05-28T15:32:36+00:00","breadcrumb":{"@id":"https:\/\/www.azmetrology.com\/de\/ingenieria-inversa\/#breadcrumb"},"inLanguage":"de","potentialAction":[{"@type":"ReadAction","target":["https:\/\/www.azmetrology.com\/de\/ingenieria-inversa\/"]}]},{"@type":"BreadcrumbList","@id":"https:\/\/www.azmetrology.com\/de\/ingenieria-inversa\/#breadcrumb","itemListElement":[{"@type":"ListItem","position":1,"name":"Portada","item":"https:\/\/www.azmetrology.com\/de\/"},{"@type":"ListItem","position":2,"name":"Reverse Engineering"}]},{"@type":"WebSite","@id":"https:\/\/www.azmetrology.com\/de\/#website","url":"https:\/\/www.azmetrology.com\/de\/","name":"AZ Metrology","description":"Somos Metr\u00f3logos","potentialAction":[{"@type":"SearchAction","target":{"@type":"EntryPoint","urlTemplate":"https:\/\/www.azmetrology.com\/de\/?s={search_term_string}"},"query-input":"required name=search_term_string"}],"inLanguage":"de"}]}},"_links":{"self":[{"href":"https:\/\/www.azmetrology.com\/de\/wp-json\/wp\/v2\/pages\/3427"}],"collection":[{"href":"https:\/\/www.azmetrology.com\/de\/wp-json\/wp\/v2\/pages"}],"about":[{"href":"https:\/\/www.azmetrology.com\/de\/wp-json\/wp\/v2\/types\/page"}],"author":[{"embeddable":true,"href":"https:\/\/www.azmetrology.com\/de\/wp-json\/wp\/v2\/users\/4"}],"replies":[{"embeddable":true,"href":"https:\/\/www.azmetrology.com\/de\/wp-json\/wp\/v2\/comments?post=3427"}],"version-history":[{"count":8,"href":"https:\/\/www.azmetrology.com\/de\/wp-json\/wp\/v2\/pages\/3427\/revisions"}],"predecessor-version":[{"id":4264,"href":"https:\/\/www.azmetrology.com\/de\/wp-json\/wp\/v2\/pages\/3427\/revisions\/4264"}],"wp:attachment":[{"href":"https:\/\/www.azmetrology.com\/de\/wp-json\/wp\/v2\/media?parent=3427"}],"curies":[{"name":"wp","href":"https:\/\/api.w.org\/{rel}","templated":true}]}}