{"id":3407,"date":"2021-05-10T23:08:53","date_gmt":"2021-05-10T21:08:53","guid":{"rendered":"https:\/\/www.azmetrology.com\/laboratorio-metrologia\/"},"modified":"2021-11-25T09:11:35","modified_gmt":"2021-11-25T08:11:35","slug":"laboratorio-metrologia","status":"publish","type":"page","link":"https:\/\/www.azmetrology.com\/de\/laboratorio-metrologia\/","title":{"rendered":"Metrologie-Labor"},"content":{"rendered":"<p>[et_pb_section fb_built=&#8220;1&#8243; next_background_color=&#8220;#ffffff&#8220; admin_label=&#8220;Hero&#8220; _builder_version=&#8220;4.0.5&#8243; use_background_color_gradient=&#8220;on&#8220; background_color_gradient_start=&#8220;rgba(0,0,0,0)&#8220; background_color_gradient_end=&#8220;rgba(0,0,0,0)&#8220; background_color_gradient_direction=&#8220;70deg&#8220; background_color_gradient_overlays_image=&#8220;on&#8220; background_image=&#8220;https:\/\/www.azmetrology.com\/wp-content\/uploads\/2021\/05\/Medicion-Laboratorio-MMC-AZ-METROLOGY.jpg&#8220; custom_margin=&#8220;|||&#8220; custom_padding=&#8220;4vw|||||&#8220; bottom_divider_style=&#8220;mountains2&#8243; bottom_divider_height=&#8220;5vw&#8220; bottom_divider_repeat=&#8220;0.5x&#8220; bottom_divider_flip=&#8220;horizontal|vertical&#8220; locked=&#8220;off&#8220; global_colors_info=&#8220;{}&#8220;][et_pb_row _builder_version=&#8220;4.0.5&#8243; custom_margin=&#8220;8px|auto||auto||&#8220; custom_padding=&#8220;0px|0px|0|0px|false|false&#8220; global_colors_info=&#8220;{}&#8220;][et_pb_column type=&#8220;4_4&#8243; _builder_version=&#8220;4.0.5&#8243; custom_padding=&#8220;|||&#8220; global_colors_info=&#8220;{}&#8220; custom_padding__hover=&#8220;|||&#8220;][et_pb_text _builder_version=&#8220;4.14.1&#8243; text_font=&#8220;||||||||&#8220; header_font=&#8220;|700|||||||&#8220; header_font_size=&#8220;61px&#8220; header_line_height=&#8220;1.4em&#8220; header_2_font=&#8220;||||||||&#8220; header_2_text_color=&#8220;#ffffff&#8220; header_2_font_size=&#8220;20px&#8220; header_2_line_height=&#8220;1.4em&#8220; background_layout=&#8220;dark&#8220; custom_margin=&#8220;||63px|||&#8220; custom_padding=&#8220;|||15px|false|false&#8220; animation_style=&#8220;slide&#8220; animation_direction=&#8220;right&#8220; animation_intensity_slide=&#8220;4%&#8220; header_font_size_tablet=&#8220;50px&#8220; header_font_size_phone=&#8220;32px&#8220; header_font_size_last_edited=&#8220;on|desktop&#8220; header_2_font_size_tablet=&#8220;&#8220; header_2_font_size_phone=&#8220;24px&#8220; header_2_font_size_last_edited=&#8220;on|phone&#8220; header_text_shadow_style=&#8220;preset1&#8243; header_2_text_shadow_style=&#8220;preset1&#8243; border_width_left=&#8220;6px&#8220; border_color_left=&#8220;#da9500&#8243; global_colors_info=&#8220;{}&#8220;]<\/p>\n<h1>Metrologie-Labor<\/h1>\n<h2>Industrielle Messtechnik mit hoher Pr\u00e4zision<\/h2>\n<p>[\/et_pb_text][\/et_pb_column][\/et_pb_row][\/et_pb_section][et_pb_section fb_built=&#8220;1&#8243; admin_label=&#8220;About Us&#8220; _builder_version=&#8220;4.0.5&#8243; background_color=&#8220;#ffffff&#8220; custom_padding=&#8220;54px||3px|||&#8220; locked=&#8220;off&#8220; global_colors_info=&#8220;{}&#8220;][et_pb_row use_custom_gutter=&#8220;on&#8220; admin_label=&#8220;Content area&#8220; _builder_version=&#8220;4.0.5&#8243; animation_style=&#8220;fold&#8220; animation_direction=&#8220;left&#8220; animation_intensity_fold=&#8220;20%&#8220; use_custom_width=&#8220;on&#8220; custom_width_px=&#8220;1280px&#8220; global_colors_info=&#8220;{}&#8220;][et_pb_column type=&#8220;4_4&#8243; _builder_version=&#8220;3.25.4&#8243; custom_padding_tablet=&#8220;&#8220; custom_padding_phone=&#8220;0%|||&#8220; custom_padding_last_edited=&#8220;on|desktop&#8220; global_colors_info=&#8220;{}&#8220; custom_padding__hover=&#8220;|||&#8220;][et_pb_image src=&#8220;https:\/\/www.azmetrology.com\/wp-content\/uploads\/2021\/07\/AZ-METROLOGY-031.jpg&#8220; force_fullwidth=&#8220;on&#8220; align_tablet=&#8220;center&#8220; align_phone=&#8220;&#8220; align_last_edited=&#8220;on|desktop&#8220; _builder_version=&#8220;4.14.1&#8243; custom_margin=&#8220;||3.6%|||&#8220; animation_style=&#8220;zoom&#8220; animation_direction=&#8220;left&#8220; animation_delay=&#8220;350ms&#8220; box_shadow_style=&#8220;preset2&#8243; locked=&#8220;off&#8220; global_colors_info=&#8220;{}&#8220;][\/et_pb_image][et_pb_text _builder_version=&#8220;4.14.1&#8243; text_font=&#8220;||||||||&#8220; header_font=&#8220;||||||||&#8220; header_2_font=&#8220;|700|||||||&#8220; header_2_font_size=&#8220;32px&#8220; header_2_line_height=&#8220;1.5em&#8220; header_3_font=&#8220;|700||on|||||&#8220; header_3_text_color=&#8220;rgba(43,51,68,0.2)&#8220; header_4_font=&#8220;|700|||||||&#8220; header_4_font_size=&#8220;22px&#8220; header_4_line_height=&#8220;1.4em&#8220; custom_margin=&#8220;|||&#8220; custom_padding=&#8220;|||&#8220; header_2_font_size_tablet=&#8220;&#8220; header_2_font_size_phone=&#8220;24px&#8220; header_2_font_size_last_edited=&#8220;on|phone&#8220; locked=&#8220;off&#8220; global_colors_info=&#8220;{}&#8220;]<\/p>\n<p style=\"text-align: center;\"><strong>MMC GANTRY 3000 x 2000 x 1500mm<\/strong><\/p>\n<p>&nbsp;<\/p>\n<p>[\/et_pb_text][\/et_pb_column][\/et_pb_row][\/et_pb_section][et_pb_section fb_built=&#8220;1&#8243; _builder_version=&#8220;4.0.5&#8243; custom_padding=&#8220;0px||3px|||&#8220; global_colors_info=&#8220;{}&#8220;][et_pb_row column_structure=&#8220;1_2,1_2&#8243; _builder_version=&#8220;4.0.5&#8243; global_colors_info=&#8220;{}&#8220;][et_pb_column type=&#8220;1_2&#8243; _builder_version=&#8220;4.0.5&#8243; global_colors_info=&#8220;{}&#8220;][et_pb_image src=&#8220;https:\/\/www.azmetrology.com\/wp-content\/uploads\/2021\/05\/AZ-Metrology-MMC-GANTRY.jpg&#8220; force_fullwidth=&#8220;on&#8220; align_tablet=&#8220;center&#8220; align_phone=&#8220;&#8220; align_last_edited=&#8220;on|desktop&#8220; _builder_version=&#8220;4.0.5&#8243; custom_margin=&#8220;||7.6%|||&#8220; animation_style=&#8220;zoom&#8220; animation_direction=&#8220;left&#8220; animation_delay=&#8220;350ms&#8220; box_shadow_style=&#8220;preset2&#8243; locked=&#8220;off&#8220; global_colors_info=&#8220;{}&#8220;][\/et_pb_image][et_pb_text _builder_version=&#8220;4.14.1&#8243; text_font=&#8220;||||||||&#8220; header_font=&#8220;||||||||&#8220; header_2_font=&#8220;|700|||||||&#8220; header_2_font_size=&#8220;32px&#8220; header_2_line_height=&#8220;1.5em&#8220; header_3_font=&#8220;|700||on|||||&#8220; header_3_text_color=&#8220;rgba(43,51,68,0.2)&#8220; header_4_font=&#8220;|700|||||||&#8220; header_4_font_size=&#8220;22px&#8220; header_4_line_height=&#8220;1.4em&#8220; max_width=&#8220;700px&#8220; custom_margin=&#8220;|||&#8220; custom_padding=&#8220;|||&#8220; header_2_font_size_tablet=&#8220;&#8220; header_2_font_size_phone=&#8220;24px&#8220; header_2_font_size_last_edited=&#8220;on|phone&#8220; locked=&#8220;off&#8220; global_colors_info=&#8220;{}&#8220;]<\/p>\n<p style=\"text-align: center;\"><strong>MMC GANTRY 1000 x 900 x 700mm<\/strong><\/p>\n<p>&nbsp;<\/p>\n<p>[\/et_pb_text][\/et_pb_column][et_pb_column type=&#8220;1_2&#8243; _builder_version=&#8220;4.0.5&#8243; global_colors_info=&#8220;{}&#8220;][et_pb_text _builder_version=&#8220;4.14.1&#8243; text_font=&#8220;||||||||&#8220; header_font=&#8220;||||||||&#8220; header_2_font=&#8220;|700|||||||&#8220; header_2_font_size=&#8220;32px&#8220; header_2_line_height=&#8220;1.5em&#8220; header_3_font=&#8220;|700||on|||||&#8220; header_3_text_color=&#8220;rgba(43,51,68,0.2)&#8220; header_4_font=&#8220;|700|||||||&#8220; header_4_font_size=&#8220;22px&#8220; header_4_line_height=&#8220;1.4em&#8220; max_width=&#8220;700px&#8220; custom_margin=&#8220;||-3px|||&#8220; custom_padding=&#8220;|||&#8220; header_2_font_size_tablet=&#8220;&#8220; header_2_font_size_phone=&#8220;24px&#8220; header_2_font_size_last_edited=&#8220;on|phone&#8220; locked=&#8220;off&#8220; global_colors_info=&#8220;{}&#8220;]<\/p>\n<h3><strong>ENAC-Labor in ISO 17025<\/strong><\/h3>\n<h2>Labor-Messung<\/h2>\n<p>Wir bieten hochpr\u00e4zise Dienstleistungen im Bereich der industriellen Messtechnik an.<\/p>\n<p>Wir sind f\u00fcr die Durchf\u00fchrung von Messungen mit der Zertifizierung ENAC ISO 17025 anerkannt.<\/p>\n<p>Wir verf\u00fcgen \u00fcber eine dreidimensionale Koordinatenmessmaschinen (CMM), die f\u00fcr die Messung von Teilen bis zu 6,5 t geeignet ist.<\/p>\n<h4>\u00a0<\/h4>\n<p>&nbsp;<\/p>\n<p>[\/et_pb_text][et_pb_text _builder_version=&#8220;4.0.5&#8243; custom_padding=&#8220;0px|||||&#8220; global_colors_info=&#8220;{}&#8220;]<\/p>\n<p><img loading=\"lazy\" src=\"https:\/\/www.azmetrology.com\/wp-content\/uploads\/2021\/05\/enac-e1465227378845-300x209.png\" width=\"300\" height=\"209\" alt=\"\" class=\"wp-image-1434 alignnone size-medium\" style=\"display: block; margin-left: auto; margin-right: auto;\" \/><\/p>\n<p>[\/et_pb_text][et_pb_text admin_label=&#8220;Los Or\u00edgenes&#8220; _builder_version=&#8220;4.0.5&#8243; text_font=&#8220;||||||||&#8220; header_font=&#8220;||||||||&#8220; header_2_font=&#8220;|700|||||||&#8220; header_2_font_size=&#8220;32px&#8220; header_2_line_height=&#8220;1.5em&#8220; header_3_font=&#8220;|700||on|||||&#8220; header_3_text_color=&#8220;rgba(43,51,68,0.2)&#8220; header_4_font=&#8220;|700|||||||&#8220; header_4_font_size=&#8220;22px&#8220; header_4_line_height=&#8220;1.4em&#8220; custom_margin=&#8220;26px|||||&#8220; custom_padding=&#8220;|||&#8220; header_2_font_size_tablet=&#8220;&#8220; header_2_font_size_phone=&#8220;24px&#8220; header_2_font_size_last_edited=&#8220;on|phone&#8220; locked=&#8220;off&#8220; global_colors_info=&#8220;{}&#8220;]<\/p>\n<h4>TRABAJOS TIPO:<\/h4>\n<ul>\n<li>Medici\u00f3n y ajuste de utillajes.<\/li>\n<li>Medici\u00f3n de piezas , lotes de piezas y conjuntos.<\/li>\n<li>An\u00e1lisis Cp, Cpk y R&amp;R<\/li>\n<li>Programaci\u00f3n CNC On-Off line de medici\u00f3n.<\/li>\n<\/ul>\n<p>&nbsp;<\/p>\n<h4><\/h4>\n<p>&nbsp;<\/p>\n<p>[\/et_pb_text][\/et_pb_column][\/et_pb_row][\/et_pb_section][et_pb_section fb_built=&#8220;1&#8243; admin_label=&#8220;Misi\u00f3n&#8220; _builder_version=&#8220;4.0.5&#8243; background_color=&#8220;#ffffff&#8220; custom_padding=&#8220;4px|||||&#8220; locked=&#8220;off&#8220; global_colors_info=&#8220;{}&#8220;][et_pb_row use_custom_gutter=&#8220;on&#8220; gutter_width=&#8220;2&#8243; _builder_version=&#8220;4.0.5&#8243; global_colors_info=&#8220;{}&#8220;][et_pb_column type=&#8220;4_4&#8243; _builder_version=&#8220;4.0.5&#8243; global_colors_info=&#8220;{}&#8220;][et_pb_text _builder_version=&#8220;4.14.1&#8243; custom_margin=&#8220;-1px|||||&#8220; custom_padding=&#8220;||26px|||&#8220; global_colors_info=&#8220;{}&#8220;]<\/p>\n<h2 style=\"text-align: center;\"><strong>Bildergalerie<\/strong><\/h2>\n<p>[\/et_pb_text][et_pb_gallery gallery_ids=&#8220;2617,2619,2621,2623,2625,2627,2629,2633,2635,2637,2639,2641,2643,2645,2647,2649,2651,2653,2655,2657,2659,2661,2663,2665,2667,2669,2671,2673,2675,2677,2679,2681,2683,2685,2687,2689,2691&#8243; orientation=&#8220;portrait&#8220; show_title_and_caption=&#8220;off&#8220; hover_overlay_color=&#8220;rgba(255,255,255,0.52)&#8220; _builder_version=&#8220;4.0.5&#8243; box_shadow_style_image=&#8220;preset2&#8243; global_colors_info=&#8220;{}&#8220;][\/et_pb_gallery][\/et_pb_column][\/et_pb_row][\/et_pb_section]<\/p>\n","protected":false},"excerpt":{"rendered":"<p>Metrologie-Labor Industrielle Messtechnik mit hoher Pr\u00e4zisionMMC GANTRY 3000 x 2000 x 1500mm &nbsp;MMC GANTRY 1000 x 900 x 700mm &nbsp;ENAC-Labor in ISO 17025 Labor-Messung Wir bieten hochpr\u00e4zise Dienstleistungen im Bereich der industriellen Messtechnik an. Wir sind f\u00fcr die Durchf\u00fchrung von Messungen mit der Zertifizierung ENAC ISO 17025 anerkannt. Wir verf\u00fcgen \u00fcber eine dreidimensionale Koordinatenmessmaschinen (CMM), [&hellip;]<\/p>\n","protected":false},"author":4,"featured_media":0,"parent":0,"menu_order":0,"comment_status":"closed","ping_status":"closed","template":"","meta":{"_et_pb_use_builder":"on","_et_pb_old_content":"","_et_gb_content_width":""},"yoast_head":"<!-- This site is optimized with the Yoast SEO plugin v19.10 - https:\/\/yoast.com\/wordpress\/plugins\/seo\/ -->\n<title>AZ Metrology metr\u00f3logos. Servicios de medici\u00f3n, \u00fatiles de control y m\u00e1s<\/title>\n<meta name=\"description\" content=\"AZ Metrology - servicios de medici\u00f3n, una empresa con valores, sociedad limitada laboral, que lleva desde el a\u00f1o 2000 ofreciendo soluciones de medici\u00f3n\" \/>\n<meta name=\"robots\" content=\"index, follow, max-snippet:-1, max-image-preview:large, max-video-preview:-1\" \/>\n<link rel=\"canonical\" href=\"https:\/\/www.azmetrology.com\/de\/laboratorio-metrologia\/\" \/>\n<meta property=\"og:locale\" content=\"de_DE\" \/>\n<meta property=\"og:type\" content=\"article\" \/>\n<meta property=\"og:title\" content=\"AZ Metrology metr\u00f3logos. Servicios de medici\u00f3n, \u00fatiles de control y m\u00e1s\" \/>\n<meta property=\"og:description\" content=\"AZ Metrology - servicios de medici\u00f3n, una empresa con valores, sociedad limitada laboral, que lleva desde el a\u00f1o 2000 ofreciendo soluciones de medici\u00f3n\" \/>\n<meta property=\"og:url\" content=\"https:\/\/www.azmetrology.com\/de\/laboratorio-metrologia\/\" \/>\n<meta property=\"og:site_name\" content=\"AZ Metrology\" \/>\n<meta property=\"article:modified_time\" content=\"2021-11-25T08:11:35+00:00\" \/>\n<meta property=\"og:image\" content=\"https:\/\/www.azmetrology.com\/wp-content\/uploads\/2021\/05\/enac-e1465227378845-300x209.png\" \/>\n<meta name=\"twitter:card\" content=\"summary_large_image\" \/>\n<meta name=\"twitter:label1\" content=\"Gesch\u00e4tzte Lesezeit\" \/>\n\t<meta name=\"twitter:data1\" content=\"5\u00a0Minuten\" \/>\n<script type=\"application\/ld+json\" class=\"yoast-schema-graph\">{\"@context\":\"https:\/\/schema.org\",\"@graph\":[{\"@type\":\"WebPage\",\"@id\":\"https:\/\/www.azmetrology.com\/de\/laboratorio-metrologia\/\",\"url\":\"https:\/\/www.azmetrology.com\/de\/laboratorio-metrologia\/\",\"name\":\"AZ Metrology metr\u00f3logos. Servicios de medici\u00f3n, \u00fatiles de control y m\u00e1s\",\"isPartOf\":{\"@id\":\"https:\/\/www.azmetrology.com\/de\/#website\"},\"datePublished\":\"2021-05-10T21:08:53+00:00\",\"dateModified\":\"2021-11-25T08:11:35+00:00\",\"description\":\"AZ Metrology - servicios de medici\u00f3n, una empresa con valores, sociedad limitada laboral, que lleva desde el a\u00f1o 2000 ofreciendo soluciones de medici\u00f3n\",\"breadcrumb\":{\"@id\":\"https:\/\/www.azmetrology.com\/de\/laboratorio-metrologia\/#breadcrumb\"},\"inLanguage\":\"de\",\"potentialAction\":[{\"@type\":\"ReadAction\",\"target\":[\"https:\/\/www.azmetrology.com\/de\/laboratorio-metrologia\/\"]}]},{\"@type\":\"BreadcrumbList\",\"@id\":\"https:\/\/www.azmetrology.com\/de\/laboratorio-metrologia\/#breadcrumb\",\"itemListElement\":[{\"@type\":\"ListItem\",\"position\":1,\"name\":\"Portada\",\"item\":\"https:\/\/www.azmetrology.com\/de\/\"},{\"@type\":\"ListItem\",\"position\":2,\"name\":\"Metrologie-Labor\"}]},{\"@type\":\"WebSite\",\"@id\":\"https:\/\/www.azmetrology.com\/de\/#website\",\"url\":\"https:\/\/www.azmetrology.com\/de\/\",\"name\":\"AZ Metrology\",\"description\":\"Somos Metr\u00f3logos\",\"potentialAction\":[{\"@type\":\"SearchAction\",\"target\":{\"@type\":\"EntryPoint\",\"urlTemplate\":\"https:\/\/www.azmetrology.com\/de\/?s={search_term_string}\"},\"query-input\":\"required name=search_term_string\"}],\"inLanguage\":\"de\"}]}<\/script>\n<!-- \/ Yoast SEO plugin. -->","yoast_head_json":{"title":"AZ Metrology metr\u00f3logos. Servicios de medici\u00f3n, \u00fatiles de control y m\u00e1s","description":"AZ Metrology - servicios de medici\u00f3n, una empresa con valores, sociedad limitada laboral, que lleva desde el a\u00f1o 2000 ofreciendo soluciones de medici\u00f3n","robots":{"index":"index","follow":"follow","max-snippet":"max-snippet:-1","max-image-preview":"max-image-preview:large","max-video-preview":"max-video-preview:-1"},"canonical":"https:\/\/www.azmetrology.com\/de\/laboratorio-metrologia\/","og_locale":"de_DE","og_type":"article","og_title":"AZ Metrology metr\u00f3logos. Servicios de medici\u00f3n, \u00fatiles de control y m\u00e1s","og_description":"AZ Metrology - servicios de medici\u00f3n, una empresa con valores, sociedad limitada laboral, que lleva desde el a\u00f1o 2000 ofreciendo soluciones de medici\u00f3n","og_url":"https:\/\/www.azmetrology.com\/de\/laboratorio-metrologia\/","og_site_name":"AZ Metrology","article_modified_time":"2021-11-25T08:11:35+00:00","og_image":[{"url":"https:\/\/www.azmetrology.com\/wp-content\/uploads\/2021\/05\/enac-e1465227378845-300x209.png"}],"twitter_card":"summary_large_image","twitter_misc":{"Gesch\u00e4tzte Lesezeit":"5\u00a0Minuten"},"schema":{"@context":"https:\/\/schema.org","@graph":[{"@type":"WebPage","@id":"https:\/\/www.azmetrology.com\/de\/laboratorio-metrologia\/","url":"https:\/\/www.azmetrology.com\/de\/laboratorio-metrologia\/","name":"AZ Metrology metr\u00f3logos. Servicios de medici\u00f3n, \u00fatiles de control y m\u00e1s","isPartOf":{"@id":"https:\/\/www.azmetrology.com\/de\/#website"},"datePublished":"2021-05-10T21:08:53+00:00","dateModified":"2021-11-25T08:11:35+00:00","description":"AZ Metrology - servicios de medici\u00f3n, una empresa con valores, sociedad limitada laboral, que lleva desde el a\u00f1o 2000 ofreciendo soluciones de medici\u00f3n","breadcrumb":{"@id":"https:\/\/www.azmetrology.com\/de\/laboratorio-metrologia\/#breadcrumb"},"inLanguage":"de","potentialAction":[{"@type":"ReadAction","target":["https:\/\/www.azmetrology.com\/de\/laboratorio-metrologia\/"]}]},{"@type":"BreadcrumbList","@id":"https:\/\/www.azmetrology.com\/de\/laboratorio-metrologia\/#breadcrumb","itemListElement":[{"@type":"ListItem","position":1,"name":"Portada","item":"https:\/\/www.azmetrology.com\/de\/"},{"@type":"ListItem","position":2,"name":"Metrologie-Labor"}]},{"@type":"WebSite","@id":"https:\/\/www.azmetrology.com\/de\/#website","url":"https:\/\/www.azmetrology.com\/de\/","name":"AZ Metrology","description":"Somos Metr\u00f3logos","potentialAction":[{"@type":"SearchAction","target":{"@type":"EntryPoint","urlTemplate":"https:\/\/www.azmetrology.com\/de\/?s={search_term_string}"},"query-input":"required name=search_term_string"}],"inLanguage":"de"}]}},"_links":{"self":[{"href":"https:\/\/www.azmetrology.com\/de\/wp-json\/wp\/v2\/pages\/3407"}],"collection":[{"href":"https:\/\/www.azmetrology.com\/de\/wp-json\/wp\/v2\/pages"}],"about":[{"href":"https:\/\/www.azmetrology.com\/de\/wp-json\/wp\/v2\/types\/page"}],"author":[{"embeddable":true,"href":"https:\/\/www.azmetrology.com\/de\/wp-json\/wp\/v2\/users\/4"}],"replies":[{"embeddable":true,"href":"https:\/\/www.azmetrology.com\/de\/wp-json\/wp\/v2\/comments?post=3407"}],"version-history":[{"count":6,"href":"https:\/\/www.azmetrology.com\/de\/wp-json\/wp\/v2\/pages\/3407\/revisions"}],"predecessor-version":[{"id":3501,"href":"https:\/\/www.azmetrology.com\/de\/wp-json\/wp\/v2\/pages\/3407\/revisions\/3501"}],"wp:attachment":[{"href":"https:\/\/www.azmetrology.com\/de\/wp-json\/wp\/v2\/media?parent=3407"}],"curies":[{"name":"wp","href":"https:\/\/api.w.org\/{rel}","templated":true}]}}